{"id":2443,"date":"2020-10-14T11:15:57","date_gmt":"2020-10-14T11:15:57","guid":{"rendered":"https:\/\/rubiscare.com\/?post_type=product&#038;p=2443"},"modified":"2020-10-14T11:16:27","modified_gmt":"2020-10-14T11:16:27","slug":"125-gr-kagit-sargi-sabun-cicek-serisi","status":"publish","type":"product","link":"https:\/\/rubiscare.com\/tr\/urun\/125-gr-kagit-sargi-sabun-cicek-serisi\/","title":{"rendered":"125 gr Ka\u011f\u0131t Sarg\u0131 Sabun \u00c7i\u00e7ek Serisi"},"content":{"rendered":"<p>6\u2019l\u0131 adetler halinde \u015feffaf ambalaj i\u00e7inde 125 gr ka\u011f\u0131t sarg\u0131l\u0131 sabun.<\/p>\n<p><strong>Koli Adet Say\u0131s\u0131:<\/strong><br \/>\n72<\/p>\n<p><strong>Koli A\u011f\u0131rl\u0131\u011f\u0131:<\/strong><br \/>\n9 kg<\/p>\n<p><strong>Barkod:<br \/>\n<\/strong>Bahar \u00c7i\u00e7e\u011fi: 869 2624 151 187<br \/>\nG\u00fcl Bah\u00e7esi: 869 2624 151 170<br \/>\nVanilya \u00c7i\u00e7e\u011fi: 869 2624 151 194<br \/>\nKiraz \u00c7i\u00e7e\u011fi: 869 2624 151 156<br \/>\nBadem \u00c7i\u00e7e\u011fi: 869 2624 151 149<br \/>\nOrkide \u00c7i\u00e7e\u011fi: 869 2624 151 163<\/p>\n","protected":false},"excerpt":{"rendered":"<p>Sevdikleriniz, en \u00e7ok tercih edilen kokulardan olu\u015fan yeni serimizi sevmeyecek, hayran olacaklar!<\/p>\n<p><strong>Varyant:<br \/>\n<\/strong>Bahar \u00c7i\u00e7e\u011fi, G\u00fcl Bah\u00e7esi, Vanilya \u00c7i\u00e7e\u011fi, Kiraz \u00c7i\u00e7e\u011fi, Badem \u00c7i\u00e7e\u011fi, Orkide \u00c7i\u00e7e\u011fi<\/p>\n<p><strong>\u00dcr\u00fcn Kodu:<br \/>\n<\/strong>C026-A<\/p>\n","protected":false},"featured_media":2446,"comment_status":"open","ping_status":"closed","template":"","meta":[],"product_cat":[756],"product_tag":[],"aioseo_notices":[],"_links":{"self":[{"href":"https:\/\/rubiscare.com\/tr\/wp-json\/wp\/v2\/product\/2443"}],"collection":[{"href":"https:\/\/rubiscare.com\/tr\/wp-json\/wp\/v2\/product"}],"about":[{"href":"https:\/\/rubiscare.com\/tr\/wp-json\/wp\/v2\/types\/product"}],"replies":[{"embeddable":true,"href":"https:\/\/rubiscare.com\/tr\/wp-json\/wp\/v2\/comments?post=2443"}],"wp:featuredmedia":[{"embeddable":true,"href":"https:\/\/rubiscare.com\/tr\/wp-json\/wp\/v2\/media\/2446"}],"wp:attachment":[{"href":"https:\/\/rubiscare.com\/tr\/wp-json\/wp\/v2\/media?parent=2443"}],"wp:term":[{"taxonomy":"product_cat","embeddable":true,"href":"https:\/\/rubiscare.com\/tr\/wp-json\/wp\/v2\/product_cat?post=2443"},{"taxonomy":"product_tag","embeddable":true,"href":"https:\/\/rubiscare.com\/tr\/wp-json\/wp\/v2\/product_tag?post=2443"}],"curies":[{"name":"wp","href":"https:\/\/api.w.org\/{rel}","templated":true}]}}