{"id":2436,"date":"2020-06-12T13:07:52","date_gmt":"2020-10-14T11:11:49","guid":{"rendered":"https:\/\/rubiscare.com\/?post_type=product&#038;p=2436"},"modified":"2020-10-14T11:11:49","modified_gmt":"2020-10-14T11:11:49","slug":"125-gr-kagit-sargi-sabun-meyve-serisi","status":"publish","type":"product","link":"https:\/\/rubiscare.com\/tr\/urun\/125-gr-kagit-sargi-sabun-meyve-serisi\/","title":{"rendered":"125 gr  Ka\u011f\u0131t Sarg\u0131 Sabun Meyve Serisi"},"content":{"rendered":"<p>6\u2019l\u0131 adetler halinde \u015feffaf ambalaj i\u00e7inde 125 gr ka\u011f\u0131t sarg\u0131l\u0131 sabun.<\/p>\n<p><strong>Koli Adet Say\u0131s\u0131:<\/strong><br \/>\n72<\/p>\n<p><strong>Koli A\u011f\u0131rl\u0131\u011f\u0131:<\/strong><br \/>\n9 kg<\/p>\n<p><strong>Barkod:<br \/>\n<\/strong>Portakal: 869 2624 145 537<br \/>\n\u00c7ilek: 869 2624 145 513<br \/>\nElma: 869 2624 144 554<br \/>\nMango: 869 2624 145 520<br \/>\nAloe Vera: 869 2624 145 506<br \/>\nS\u00fct ve Bal: 869 624 144 561<\/p>\n","protected":false},"excerpt":{"rendered":"<p>Sevdikleriniz, en \u00e7ok tercih edilen kokulardan olu\u015fan yeni serimizi sevmeyecek, hayran olacaklar!<\/p>\n<p><strong>Varyant:<br \/>\n<\/strong>Portakal, \u00c7ilek, Elma, Mango, Aloe Vera, S\u00fct ve Bal<\/p>\n<p><strong>\u00dcr\u00fcn Kodu:<br \/>\n<\/strong>C026-B<\/p>\n","protected":false},"featured_media":4674,"comment_status":"open","ping_status":"closed","template":"","meta":[],"product_cat":[756,756],"product_tag":[],"aioseo_notices":[],"_links":{"self":[{"href":"https:\/\/rubiscare.com\/tr\/wp-json\/wp\/v2\/product\/2436"}],"collection":[{"href":"https:\/\/rubiscare.com\/tr\/wp-json\/wp\/v2\/product"}],"about":[{"href":"https:\/\/rubiscare.com\/tr\/wp-json\/wp\/v2\/types\/product"}],"replies":[{"embeddable":true,"href":"https:\/\/rubiscare.com\/tr\/wp-json\/wp\/v2\/comments?post=2436"}],"wp:featuredmedia":[{"embeddable":true,"href":"https:\/\/rubiscare.com\/tr\/wp-json\/wp\/v2\/media\/4674"}],"wp:attachment":[{"href":"https:\/\/rubiscare.com\/tr\/wp-json\/wp\/v2\/media?parent=2436"}],"wp:term":[{"taxonomy":"product_cat","embeddable":true,"href":"https:\/\/rubiscare.com\/tr\/wp-json\/wp\/v2\/product_cat?post=2436"},{"taxonomy":"product_tag","embeddable":true,"href":"https:\/\/rubiscare.com\/tr\/wp-json\/wp\/v2\/product_tag?post=2436"}],"curies":[{"name":"wp","href":"https:\/\/api.w.org\/{rel}","templated":true}]}}