{"id":2425,"date":"2020-06-12T13:01:04","date_gmt":"2020-10-14T10:56:45","guid":{"rendered":"https:\/\/rubiscare.com\/?post_type=product&#038;p=2425"},"modified":"2021-05-26T10:50:17","modified_gmt":"2021-05-26T10:50:17","slug":"rubis-125-gr-lux-kagit-sargi-sabun","status":"publish","type":"product","link":"https:\/\/rubiscare.com\/tr\/urun\/rubis-125-gr-lux-kagit-sargi-sabun\/","title":{"rendered":"Rubis &#8211; 125 gr Lux Ka\u011f\u0131t Sarg\u0131 Sabun"},"content":{"rendered":"<p>6&#8217;l\u0131 adetler halinde \u015feffaf \u015fekilde \u015frinklenmi\u015f 125 gr ka\u011f\u0131t sarg\u0131.<\/p>\n<p><strong>Number of pieces in a box:<\/strong><br \/>\n72<\/p>\n<p><strong>Weight of the box:<\/strong><br \/>\n9 kg<\/p>\n<p><strong>Barcode:<br \/>\n<\/strong>Turuncu: 869 2624 142 192<br \/>\nK\u0131rm\u0131z\u0131: 869 2624 142 130<br \/>\nYe\u015fil: 869 2624 142 154<br \/>\nMavi: 869 2624 142 147<\/p>\n","protected":false},"excerpt":{"rendered":"<p>Sevdikleriniz, en \u00e7ok tercih edilen kokulardan olu\u015fan yeni serimizi sevmeyecek, hayran olacaklar!<\/p>\n<p><strong>VARIANTS:<br \/>\n<\/strong>Turuncu, k\u0131rm\u0131z\u0131, ye\u015fil, mavi<\/p>\n<p><strong>PRODUCT CODE:<br \/>\n<\/strong>C026-C<\/p>\n","protected":false},"featured_media":2429,"comment_status":"open","ping_status":"closed","template":"","meta":[],"product_cat":[756],"product_tag":[],"aioseo_notices":[],"_links":{"self":[{"href":"https:\/\/rubiscare.com\/tr\/wp-json\/wp\/v2\/product\/2425"}],"collection":[{"href":"https:\/\/rubiscare.com\/tr\/wp-json\/wp\/v2\/product"}],"about":[{"href":"https:\/\/rubiscare.com\/tr\/wp-json\/wp\/v2\/types\/product"}],"replies":[{"embeddable":true,"href":"https:\/\/rubiscare.com\/tr\/wp-json\/wp\/v2\/comments?post=2425"}],"wp:featuredmedia":[{"embeddable":true,"href":"https:\/\/rubiscare.com\/tr\/wp-json\/wp\/v2\/media\/2429"}],"wp:attachment":[{"href":"https:\/\/rubiscare.com\/tr\/wp-json\/wp\/v2\/media?parent=2425"}],"wp:term":[{"taxonomy":"product_cat","embeddable":true,"href":"https:\/\/rubiscare.com\/tr\/wp-json\/wp\/v2\/product_cat?post=2425"},{"taxonomy":"product_tag","embeddable":true,"href":"https:\/\/rubiscare.com\/tr\/wp-json\/wp\/v2\/product_tag?post=2425"}],"curies":[{"name":"wp","href":"https:\/\/api.w.org\/{rel}","templated":true}]}}