{"id":2410,"date":"2020-06-12T12:13:06","date_gmt":"2020-10-14T10:30:26","guid":{"rendered":"https:\/\/rubiscare.com\/?post_type=product&#038;p=2410"},"modified":"2020-10-14T10:30:26","modified_gmt":"2020-10-14T10:30:26","slug":"rubis-90-gr-kagit-sargi-sabun","status":"publish","type":"product","link":"https:\/\/rubiscare.com\/tr\/urun\/rubis-90-gr-kagit-sargi-sabun\/","title":{"rendered":"Rubis \u2013 90 gr Ka\u011f\u0131t Sarg\u0131 Sabun"},"content":{"rendered":"<p>6\u2019l\u0131 adetler halinde \u015feffaf \u015fekilde \u015firinklenmi\u015f 90gr ka\u011f\u0131t sarg\u0131l\u0131 sabun.<\/p>\n<p><strong>Koli Adet Say\u0131s\u0131:<\/strong><br \/>\n96<\/p>\n<p><strong>Koli A\u011f\u0131rl\u0131\u011f\u0131:<\/strong><br \/>\n8,64 kg<\/p>\n<p><strong>Barkod:\u00a0<\/strong><\/p>\n<p>S\u00fct ve Bal: 869 2624 152 481<br \/>\nG\u00fcl: 869 2624 152 747<br \/>\nMuz: 869 2624 152 498<br \/>\n\u00dcz\u00fcm: 869 2624 147 784<br \/>\n\u00c7ilek: 869 2624 147 784<br \/>\nElma: 869 624 147 760<br \/>\nLavanta: 869 624 147 753<\/p>\n","protected":false},"excerpt":{"rendered":"<p>En pop\u00fcler \u00e7i\u00e7ek kokular\u0131n\u0131, g\u00fcn boyu s\u00fcrecek ferahl\u0131k hisleri i\u00e7in bir araya getirdik.<\/p>\n<p><strong>Varyant:<br \/>\n<\/strong>S\u00fct ve Bal, G\u00fcl, Muz, \u00dcz\u00fcm, \u00c7ilek, Elma, Lavanta<\/p>\n<p><strong>\u00dcr\u00fcn Kodu:<br \/>\n<\/strong>C014<\/p>\n","protected":false},"featured_media":5878,"comment_status":"open","ping_status":"closed","template":"","meta":[],"product_cat":[756,756],"product_tag":[],"aioseo_notices":[],"_links":{"self":[{"href":"https:\/\/rubiscare.com\/tr\/wp-json\/wp\/v2\/product\/2410"}],"collection":[{"href":"https:\/\/rubiscare.com\/tr\/wp-json\/wp\/v2\/product"}],"about":[{"href":"https:\/\/rubiscare.com\/tr\/wp-json\/wp\/v2\/types\/product"}],"replies":[{"embeddable":true,"href":"https:\/\/rubiscare.com\/tr\/wp-json\/wp\/v2\/comments?post=2410"}],"wp:featuredmedia":[{"embeddable":true,"href":"https:\/\/rubiscare.com\/tr\/wp-json\/wp\/v2\/media\/5878"}],"wp:attachment":[{"href":"https:\/\/rubiscare.com\/tr\/wp-json\/wp\/v2\/media?parent=2410"}],"wp:term":[{"taxonomy":"product_cat","embeddable":true,"href":"https:\/\/rubiscare.com\/tr\/wp-json\/wp\/v2\/product_cat?post=2410"},{"taxonomy":"product_tag","embeddable":true,"href":"https:\/\/rubiscare.com\/tr\/wp-json\/wp\/v2\/product_tag?post=2410"}],"curies":[{"name":"wp","href":"https:\/\/api.w.org\/{rel}","templated":true}]}}