{"id":2402,"date":"2020-06-12T12:06:22","date_gmt":"2020-10-13T13:50:06","guid":{"rendered":"https:\/\/rubiscare.com\/?post_type=product&#038;p=2402"},"modified":"2020-10-13T14:32:21","modified_gmt":"2020-10-13T14:32:21","slug":"rubis-75-gr-kagit-sargi-sabun","status":"publish","type":"product","link":"https:\/\/rubiscare.com\/tr\/urun\/rubis-75-gr-kagit-sargi-sabun\/","title":{"rendered":"Rubis \u2013 75 gr Ka\u011f\u0131t Sarg\u0131 Sabun"},"content":{"rendered":"<p>6&#8217;l\u0131 adetler halinde \u015feffaf \u015fekilde \u015firinklenmi\u015f 75 gr ka\u011f\u0131t sarg\u0131.<\/p>\n<p><strong>Koli Adet Say\u0131s\u0131:<\/strong><br \/>\n72<\/p>\n<p><strong>Koli A\u011f\u0131rl\u0131\u011f\u0131:<\/strong><br \/>\n5,4 kg<\/p>\n<p><strong>Barkod:\u00a0<\/strong><\/p>\n<p>Aloe Vera: 869 2624 146 954<br \/>\nS\u00fct ve Bal: 869 2624 147 197<br \/>\nG\u00fcl: 869 2624 146 930<br \/>\nBadem: 869 2624 146 893<br \/>\nPortakal: 869 2624 146 923<br \/>\n\u00dcz\u00fcm: 869 2624 146 909<br \/>\n\u00c7ilek: 869 2624 146 916<\/p>\n","protected":false},"excerpt":{"rendered":"<p>\u0130lk kullan\u0131mda etkili koku ve kremsi form\u00fcl\u00fcn fark\u0131n\u0131 hissedin.<\/p>\n<p><strong>Varyant:<br \/>\n<\/strong>Aloe Vera, S\u00fct ve Bal, G\u00fcl, Badem, Portakal, \u00dcz\u00fcm, \u00c7ilek, Elma<\/p>\n<p><strong>\u00dcr\u00fcn Kodu:<br \/>\n<\/strong>C009<\/p>\n","protected":false},"featured_media":4150,"comment_status":"open","ping_status":"closed","template":"","meta":[],"product_cat":[756,756],"product_tag":[],"aioseo_notices":[],"_links":{"self":[{"href":"https:\/\/rubiscare.com\/tr\/wp-json\/wp\/v2\/product\/2402"}],"collection":[{"href":"https:\/\/rubiscare.com\/tr\/wp-json\/wp\/v2\/product"}],"about":[{"href":"https:\/\/rubiscare.com\/tr\/wp-json\/wp\/v2\/types\/product"}],"replies":[{"embeddable":true,"href":"https:\/\/rubiscare.com\/tr\/wp-json\/wp\/v2\/comments?post=2402"}],"wp:featuredmedia":[{"embeddable":true,"href":"https:\/\/rubiscare.com\/tr\/wp-json\/wp\/v2\/media\/4150"}],"wp:attachment":[{"href":"https:\/\/rubiscare.com\/tr\/wp-json\/wp\/v2\/media?parent=2402"}],"wp:term":[{"taxonomy":"product_cat","embeddable":true,"href":"https:\/\/rubiscare.com\/tr\/wp-json\/wp\/v2\/product_cat?post=2402"},{"taxonomy":"product_tag","embeddable":true,"href":"https:\/\/rubiscare.com\/tr\/wp-json\/wp\/v2\/product_tag?post=2402"}],"curies":[{"name":"wp","href":"https:\/\/api.w.org\/{rel}","templated":true}]}}