{"id":2392,"date":"2020-06-12T10:22:29","date_gmt":"2020-10-13T13:40:37","guid":{"rendered":"https:\/\/rubiscare.com\/?post_type=product&#038;p=2392"},"modified":"2020-10-13T13:40:37","modified_gmt":"2020-10-13T13:40:37","slug":"rubis-60-gr-kagit-sargi-sabun","status":"publish","type":"product","link":"https:\/\/rubiscare.com\/tr\/urun\/rubis-60-gr-kagit-sargi-sabun\/","title":{"rendered":"Rubis &#8211; 60 gr Ka\u011f\u0131t Sarg\u0131 Sabun"},"content":{"rendered":"<p>6&#8217;l\u0131 adetler halinde \u015feffaf \u015fekilde \u015frinklenmi\u015f 60 gr ka\u011f\u0131t sarg\u0131.<\/p>\n<p><strong>Koli Adet Say\u0131s\u0131:<\/strong><br \/>\n72<\/p>\n<p><strong>Koli A\u011f\u0131rl\u0131\u011f\u0131:<\/strong><br \/>\n4,32 kg<\/p>\n<p><strong>Barkod:\u00a0<\/strong><\/p>\n<p>Lavanta:\u00a0 \u00a0869 2624 143 489<br \/>\nLimon:\u00a0 \u00a0 \u00a0 869 2624 145 131<br \/>\nOkyanus Tazeli\u011fi: 869 2624 143 472<br \/>\nG\u00fcl:\u00a0 \u00a0 \u00a0 \u00a0 \u00a0 \u00a0869 2624 143 458<br \/>\nAloe Vera: 869 2624 143 465<\/p>\n","protected":false},"excerpt":{"rendered":"<p>Bu seride kullan\u0131lan t\u00fcm bile\u015fenler kozmetik olarak onaylanm\u0131\u015f, cilde dost ve ekolojik olarak zarars\u0131zd\u0131r.<\/p>\n<p><strong>Varyant:<br \/>\n<\/strong>Lavanta, Limon, Okyanus Tazeli\u011fi, G\u00fcl, Buket, Aloe Vera<\/p>\n<p><strong>\u00dcr\u00fcn Kodu:<br \/>\n<\/strong>C030<\/p>\n","protected":false},"featured_media":4096,"comment_status":"open","ping_status":"closed","template":"","meta":[],"product_cat":[756],"product_tag":[],"aioseo_notices":[],"_links":{"self":[{"href":"https:\/\/rubiscare.com\/tr\/wp-json\/wp\/v2\/product\/2392"}],"collection":[{"href":"https:\/\/rubiscare.com\/tr\/wp-json\/wp\/v2\/product"}],"about":[{"href":"https:\/\/rubiscare.com\/tr\/wp-json\/wp\/v2\/types\/product"}],"replies":[{"embeddable":true,"href":"https:\/\/rubiscare.com\/tr\/wp-json\/wp\/v2\/comments?post=2392"}],"wp:featuredmedia":[{"embeddable":true,"href":"https:\/\/rubiscare.com\/tr\/wp-json\/wp\/v2\/media\/4096"}],"wp:attachment":[{"href":"https:\/\/rubiscare.com\/tr\/wp-json\/wp\/v2\/media?parent=2392"}],"wp:term":[{"taxonomy":"product_cat","embeddable":true,"href":"https:\/\/rubiscare.com\/tr\/wp-json\/wp\/v2\/product_cat?post=2392"},{"taxonomy":"product_tag","embeddable":true,"href":"https:\/\/rubiscare.com\/tr\/wp-json\/wp\/v2\/product_tag?post=2392"}],"curies":[{"name":"wp","href":"https:\/\/api.w.org\/{rel}","templated":true}]}}