{"id":2254,"date":"2020-09-30T13:51:18","date_gmt":"2020-09-30T13:51:18","guid":{"rendered":"https:\/\/rubiscare.com\/?post_type=product&#038;p=2254"},"modified":"2020-09-30T13:51:19","modified_gmt":"2020-09-30T13:51:19","slug":"75-gr-kutulu-bebek-sabunu","status":"publish","type":"product","link":"https:\/\/rubiscare.com\/tr\/urun\/75-gr-kutulu-bebek-sabunu\/","title":{"rendered":"75 gr Kutulu Bebek Sabunu"},"content":{"rendered":"<p>100 gr gofret pakette tek bebek sabunu<\/p>\n<p><strong>Koli i\u00e7inde \u00dcr\u00fcn Adedi:<\/strong><br \/>\n72<\/p>\n<p><strong>Koli A\u011f\u0131rl\u0131\u011f\u0131:<\/strong><br \/>\n5,4 kg<\/p>\n<p><strong>Barkot:\u00a0\u00a0<\/strong><\/p>\n<p>8692624140181<\/p>\n","protected":false},"excerpt":{"rendered":"<p>Bebekler ve son derece hassas cilde sahip olanlar i\u00e7in do\u011fru se\u00e7im<\/p>\n<p><strong>VARYANT:<br \/>\n<\/strong>Bebek<\/p>\n<p><strong>\u00dcR\u00dcN KODU:<br \/>\n<\/strong>C054<\/p>\n","protected":false},"featured_media":2255,"comment_status":"open","ping_status":"closed","template":"","meta":[],"product_cat":[763],"product_tag":[],"aioseo_notices":[],"_links":{"self":[{"href":"https:\/\/rubiscare.com\/tr\/wp-json\/wp\/v2\/product\/2254"}],"collection":[{"href":"https:\/\/rubiscare.com\/tr\/wp-json\/wp\/v2\/product"}],"about":[{"href":"https:\/\/rubiscare.com\/tr\/wp-json\/wp\/v2\/types\/product"}],"replies":[{"embeddable":true,"href":"https:\/\/rubiscare.com\/tr\/wp-json\/wp\/v2\/comments?post=2254"}],"wp:featuredmedia":[{"embeddable":true,"href":"https:\/\/rubiscare.com\/tr\/wp-json\/wp\/v2\/media\/2255"}],"wp:attachment":[{"href":"https:\/\/rubiscare.com\/tr\/wp-json\/wp\/v2\/media?parent=2254"}],"wp:term":[{"taxonomy":"product_cat","embeddable":true,"href":"https:\/\/rubiscare.com\/tr\/wp-json\/wp\/v2\/product_cat?post=2254"},{"taxonomy":"product_tag","embeddable":true,"href":"https:\/\/rubiscare.com\/tr\/wp-json\/wp\/v2\/product_tag?post=2254"}],"curies":[{"name":"wp","href":"https:\/\/api.w.org\/{rel}","templated":true}]}}