{"id":4200,"date":"2021-03-30T07:33:09","date_gmt":"2021-03-30T07:33:09","guid":{"rendered":"https:\/\/rubiscare.com\/?post_type=product&#038;p=4200"},"modified":"2021-05-18T18:59:41","modified_gmt":"2021-05-18T18:59:41","slug":"rubis-140-gr-papel-de-jabon-envuelto-copy","status":"publish","type":"product","link":"https:\/\/rubiscare.com\/es\/producto\/rubis-140-gr-papel-de-jabon-envuelto-copy\/","title":{"rendered":"Rubis &#8211; 140 gr papel de jab\u00f3n envuelto"},"content":{"rendered":"<p>6 piezas de jab\u00f3n empacado envuelto en papel de 140 gr en encogimiento transparente<\/p>\n<p><strong>Numero de piezas en una caja:<\/strong><br \/>\n48<\/p>\n<p><strong>Peso de la caja:<\/strong><br \/>\n6,8 kg<\/p>\n<p><strong>C\u00f3digo de Barras:\u00a0<\/strong><\/p>\n<p>Aloe Vera and Vitamin E: 869262415367<br \/>\nRose: 869262415368<br \/>\nViolet and Vitamin E: 869262415369<br \/>\nPure Argan: 869262415370<br \/>\nMilk and Cream: 869262415371<br \/>\nPure Keratin: 8692624153672<\/p>\n","protected":false},"excerpt":{"rendered":"<p>A sus seres queridos no les gustar\u00e1, pero admirar\u00e1n los jabones m\u00e1s preferidos con varios aromas de flores<\/p>\n<p><strong>Variante:<br \/>\n<\/strong>Aloe Vera and Vitamin E, Rose, Violet and Vitamin E, Pure Argan, Milk and Cream, Pure Keratin<\/p>\n<p><strong>C\u00f3digo de Producto:<br \/>\n<\/strong>C069<\/p>\n","protected":false},"featured_media":4205,"comment_status":"open","ping_status":"closed","template":"","meta":[],"product_cat":[780],"product_tag":[],"aioseo_notices":[],"_links":{"self":[{"href":"https:\/\/rubiscare.com\/es\/wp-json\/wp\/v2\/product\/4200"}],"collection":[{"href":"https:\/\/rubiscare.com\/es\/wp-json\/wp\/v2\/product"}],"about":[{"href":"https:\/\/rubiscare.com\/es\/wp-json\/wp\/v2\/types\/product"}],"replies":[{"embeddable":true,"href":"https:\/\/rubiscare.com\/es\/wp-json\/wp\/v2\/comments?post=4200"}],"wp:featuredmedia":[{"embeddable":true,"href":"https:\/\/rubiscare.com\/es\/wp-json\/wp\/v2\/media\/4205"}],"wp:attachment":[{"href":"https:\/\/rubiscare.com\/es\/wp-json\/wp\/v2\/media?parent=4200"}],"wp:term":[{"taxonomy":"product_cat","embeddable":true,"href":"https:\/\/rubiscare.com\/es\/wp-json\/wp\/v2\/product_cat?post=4200"},{"taxonomy":"product_tag","embeddable":true,"href":"https:\/\/rubiscare.com\/es\/wp-json\/wp\/v2\/product_tag?post=4200"}],"curies":[{"name":"wp","href":"https:\/\/api.w.org\/{rel}","templated":true}]}}