{"id":3776,"date":"2020-12-17T11:33:14","date_gmt":"2020-12-17T11:33:14","guid":{"rendered":"https:\/\/rubiscare.com\/?post_type=product&#038;p=3776"},"modified":"2020-12-17T11:33:14","modified_gmt":"2020-12-17T11:33:14","slug":"rubis-75-gr-de-jabon-para-bebes-en-una-caja","status":"publish","type":"product","link":"https:\/\/rubiscare.com\/es\/producto\/rubis-75-gr-de-jabon-para-bebes-en-una-caja\/","title":{"rendered":"Rubis &#8211; 75 gr de Jab\u00f3n para Beb\u00e9s en una Caja"},"content":{"rendered":"<p>Un trozo de jab\u00f3n de 75 gr en una caja<\/p>\n<p><strong>Numero de piezas en una caja:<\/strong><br \/>\n72<\/p>\n<p><strong>Peso de la caja:<\/strong><br \/>\n5,4 kg<\/p>\n<p><strong>C\u00f3digo de Barras:<br \/>\n<\/strong>Beb\u00e9: 869 2624 145 063<\/p>\n","protected":false},"excerpt":{"rendered":"<p>La mejor opci\u00f3n para beb\u00e9s y personas con piel extremadamente delicada<\/p>\n<p><strong>Variante:<br \/>\n<\/strong>Beb\u00e9<\/p>\n<p><strong>C\u00f3digo de Producto:<br \/>\n<\/strong>C054<\/p>\n","protected":false},"featured_media":3777,"comment_status":"open","ping_status":"closed","template":"","meta":[],"product_cat":[787],"product_tag":[],"aioseo_notices":[],"_links":{"self":[{"href":"https:\/\/rubiscare.com\/es\/wp-json\/wp\/v2\/product\/3776"}],"collection":[{"href":"https:\/\/rubiscare.com\/es\/wp-json\/wp\/v2\/product"}],"about":[{"href":"https:\/\/rubiscare.com\/es\/wp-json\/wp\/v2\/types\/product"}],"replies":[{"embeddable":true,"href":"https:\/\/rubiscare.com\/es\/wp-json\/wp\/v2\/comments?post=3776"}],"wp:featuredmedia":[{"embeddable":true,"href":"https:\/\/rubiscare.com\/es\/wp-json\/wp\/v2\/media\/3777"}],"wp:attachment":[{"href":"https:\/\/rubiscare.com\/es\/wp-json\/wp\/v2\/media?parent=3776"}],"wp:term":[{"taxonomy":"product_cat","embeddable":true,"href":"https:\/\/rubiscare.com\/es\/wp-json\/wp\/v2\/product_cat?post=3776"},{"taxonomy":"product_tag","embeddable":true,"href":"https:\/\/rubiscare.com\/es\/wp-json\/wp\/v2\/product_tag?post=3776"}],"curies":[{"name":"wp","href":"https:\/\/api.w.org\/{rel}","templated":true}]}}