{"id":3774,"date":"2020-12-17T11:29:37","date_gmt":"2020-12-17T11:29:37","guid":{"rendered":"https:\/\/rubiscare.com\/?post_type=product&#038;p=3774"},"modified":"2020-12-17T11:29:38","modified_gmt":"2020-12-17T11:29:38","slug":"rubis-100-gr-de-jabon-para-bebes-en-una-caja","status":"publish","type":"product","link":"https:\/\/rubiscare.com\/es\/producto\/rubis-100-gr-de-jabon-para-bebes-en-una-caja\/","title":{"rendered":"Rubis &#8211; 100 gr de Jab\u00f3n para Beb\u00e9s en una Caja"},"content":{"rendered":"<p>Un trozo de jab\u00f3n de 100 gr en una caja<\/p>\n<p><strong>Numero de piezas en una caja:<\/strong><br \/>\n72<\/p>\n<p><strong>Peso de la caja:<\/strong><br \/>\n7,2 kg<\/p>\n<p><strong>C\u00f3digo de Barras:<br \/>\n<\/strong>Beb\u00e9: 869 2624 145 063<\/p>\n","protected":false},"excerpt":{"rendered":"<p>La mejor opci\u00f3n para beb\u00e9s y personas con piel extremadamente delicada<\/p>\n<p><strong>Variante:<br \/>\n<\/strong>Beb\u00e9<\/p>\n<p><strong>C\u00f3digo de Producto:<br \/>\n<\/strong>C055<\/p>\n","protected":false},"featured_media":3775,"comment_status":"open","ping_status":"closed","template":"","meta":[],"product_cat":[787],"product_tag":[],"aioseo_notices":[],"_links":{"self":[{"href":"https:\/\/rubiscare.com\/es\/wp-json\/wp\/v2\/product\/3774"}],"collection":[{"href":"https:\/\/rubiscare.com\/es\/wp-json\/wp\/v2\/product"}],"about":[{"href":"https:\/\/rubiscare.com\/es\/wp-json\/wp\/v2\/types\/product"}],"replies":[{"embeddable":true,"href":"https:\/\/rubiscare.com\/es\/wp-json\/wp\/v2\/comments?post=3774"}],"wp:featuredmedia":[{"embeddable":true,"href":"https:\/\/rubiscare.com\/es\/wp-json\/wp\/v2\/media\/3775"}],"wp:attachment":[{"href":"https:\/\/rubiscare.com\/es\/wp-json\/wp\/v2\/media?parent=3774"}],"wp:term":[{"taxonomy":"product_cat","embeddable":true,"href":"https:\/\/rubiscare.com\/es\/wp-json\/wp\/v2\/product_cat?post=3774"},{"taxonomy":"product_tag","embeddable":true,"href":"https:\/\/rubiscare.com\/es\/wp-json\/wp\/v2\/product_tag?post=3774"}],"curies":[{"name":"wp","href":"https:\/\/api.w.org\/{rel}","templated":true}]}}