{"id":3770,"date":"2020-12-16T14:30:46","date_gmt":"2020-12-16T14:30:46","guid":{"rendered":"https:\/\/rubiscare.com\/?post_type=product&#038;p=3770"},"modified":"2020-12-16T14:30:48","modified_gmt":"2020-12-16T14:30:48","slug":"rubis-paquete-de-flujo-de-bebe-individual-de-100-gr","status":"publish","type":"product","link":"https:\/\/rubiscare.com\/es\/producto\/rubis-paquete-de-flujo-de-bebe-individual-de-100-gr\/","title":{"rendered":"Rubis &#8211; Paquete de flujo de beb\u00e9 individual de 100 gr"},"content":{"rendered":"<p>Un trozo de jab\u00f3n para beb\u00e9s de 100 gr en un paquete de flujo<\/p>\n<p><strong>Numero de piezas en una caja:<\/strong><br \/>\n96<\/p>\n<p><strong>Peso de la caja:<\/strong><br \/>\n9,6 kg<\/p>\n<p><strong>C\u00f3digo de Barras:<br \/>\n<\/strong>Beb\u00e9: 869 2624 145 032<\/p>\n","protected":false},"excerpt":{"rendered":"<p>La mejor opci\u00f3n para los beb\u00e9s y las personas con piel extremadamente delicada.<\/p>\n<p><strong>Variante:<br \/>\n<\/strong>Beb\u00e9<\/p>\n<p><strong>C\u00f3digo de Producto:<br \/>\n<\/strong>C004-B<\/p>\n","protected":false},"featured_media":3771,"comment_status":"open","ping_status":"closed","template":"","meta":[],"product_cat":[787],"product_tag":[],"aioseo_notices":[],"_links":{"self":[{"href":"https:\/\/rubiscare.com\/es\/wp-json\/wp\/v2\/product\/3770"}],"collection":[{"href":"https:\/\/rubiscare.com\/es\/wp-json\/wp\/v2\/product"}],"about":[{"href":"https:\/\/rubiscare.com\/es\/wp-json\/wp\/v2\/types\/product"}],"replies":[{"embeddable":true,"href":"https:\/\/rubiscare.com\/es\/wp-json\/wp\/v2\/comments?post=3770"}],"wp:featuredmedia":[{"embeddable":true,"href":"https:\/\/rubiscare.com\/es\/wp-json\/wp\/v2\/media\/3771"}],"wp:attachment":[{"href":"https:\/\/rubiscare.com\/es\/wp-json\/wp\/v2\/media?parent=3770"}],"wp:term":[{"taxonomy":"product_cat","embeddable":true,"href":"https:\/\/rubiscare.com\/es\/wp-json\/wp\/v2\/product_cat?post=3770"},{"taxonomy":"product_tag","embeddable":true,"href":"https:\/\/rubiscare.com\/es\/wp-json\/wp\/v2\/product_tag?post=3770"}],"curies":[{"name":"wp","href":"https:\/\/api.w.org\/{rel}","templated":true}]}}