{"id":3759,"date":"2020-12-16T13:55:51","date_gmt":"2020-12-16T13:55:51","guid":{"rendered":"https:\/\/rubiscare.com\/?post_type=product&#038;p=3759"},"modified":"2020-12-16T13:55:51","modified_gmt":"2020-12-16T13:55:51","slug":"rubis-champu-de-bebe-1000-ml","status":"publish","type":"product","link":"https:\/\/rubiscare.com\/es\/producto\/rubis-champu-de-bebe-1000-ml\/","title":{"rendered":"Rubis &#8211; Champ\u00fa de Bebe 1000 ml"},"content":{"rendered":"<p>1000 ml de champ\u00fa de beb en botella de pl\u00e1stico<\/p>\n<p><strong>Numero de piezas en una caja:<\/strong><br \/>\n24<\/p>\n<p><strong>Peso de la caja:<\/strong><br \/>\n12 kg<\/p>\n","protected":false},"excerpt":{"rendered":"<p><strong>Variante:<br \/>\n<\/strong>Champ\u00fa de Bebe<\/p>\n<p><strong>C\u00f3digo de Producto:<br \/>\n<\/strong>BC-02<\/p>\n","protected":false},"featured_media":3761,"comment_status":"open","ping_status":"closed","template":"","meta":[],"product_cat":[787],"product_tag":[],"aioseo_notices":[],"_links":{"self":[{"href":"https:\/\/rubiscare.com\/es\/wp-json\/wp\/v2\/product\/3759"}],"collection":[{"href":"https:\/\/rubiscare.com\/es\/wp-json\/wp\/v2\/product"}],"about":[{"href":"https:\/\/rubiscare.com\/es\/wp-json\/wp\/v2\/types\/product"}],"replies":[{"embeddable":true,"href":"https:\/\/rubiscare.com\/es\/wp-json\/wp\/v2\/comments?post=3759"}],"wp:featuredmedia":[{"embeddable":true,"href":"https:\/\/rubiscare.com\/es\/wp-json\/wp\/v2\/media\/3761"}],"wp:attachment":[{"href":"https:\/\/rubiscare.com\/es\/wp-json\/wp\/v2\/media?parent=3759"}],"wp:term":[{"taxonomy":"product_cat","embeddable":true,"href":"https:\/\/rubiscare.com\/es\/wp-json\/wp\/v2\/product_cat?post=3759"},{"taxonomy":"product_tag","embeddable":true,"href":"https:\/\/rubiscare.com\/es\/wp-json\/wp\/v2\/product_tag?post=3759"}],"curies":[{"name":"wp","href":"https:\/\/api.w.org\/{rel}","templated":true}]}}