{"id":3738,"date":"2020-12-16T11:33:42","date_gmt":"2020-12-16T11:33:42","guid":{"rendered":"https:\/\/rubiscare.com\/?post_type=product&#038;p=3738"},"modified":"2020-12-16T11:33:42","modified_gmt":"2020-12-16T11:33:42","slug":"rubis-400-ml-de-jabon-liquido","status":"publish","type":"product","link":"https:\/\/rubiscare.com\/es\/producto\/rubis-400-ml-de-jabon-liquido\/","title":{"rendered":"Rubis \u2013 400 ml de Jab\u00f3n L\u00edquido"},"content":{"rendered":"<p>400 ml de jab\u00f3n l\u00edquido en botella de pl\u00e1stico<\/p>\n<p><strong>Numero de piezas en una caja:<\/strong><br \/>\n12<\/p>\n<p><strong>Peso de la caja:<\/strong><br \/>\n4,8 kg<\/p>\n<p><strong>C\u00f3digo de Barras:<br \/>\n<\/strong>Jazm\u00edn : 8692624152542<br \/>\nLavanda : 8692624152559<br \/>\nAceite de Oliva : 8692624152535<br \/>\nRosa : 8692624152566<\/p>\n","protected":false},"excerpt":{"rendered":"<p>Utilizado con el prop\u00f3sito de eliminar la suciedad y los microorganismos malos. Ahora presentado con frutas y esencias frescas.<\/p>\n<p><strong>Variante:<br \/>\n<\/strong>Jazm\u00edn, Lavanda, Aceite de Oliva, Rosa<\/p>\n<p><strong>C\u00f3digo de Producto:<br \/>\n<\/strong>RH-1<\/p>\n","protected":false},"featured_media":3739,"comment_status":"open","ping_status":"closed","template":"","meta":[],"product_cat":[783],"product_tag":[],"aioseo_notices":[],"_links":{"self":[{"href":"https:\/\/rubiscare.com\/es\/wp-json\/wp\/v2\/product\/3738"}],"collection":[{"href":"https:\/\/rubiscare.com\/es\/wp-json\/wp\/v2\/product"}],"about":[{"href":"https:\/\/rubiscare.com\/es\/wp-json\/wp\/v2\/types\/product"}],"replies":[{"embeddable":true,"href":"https:\/\/rubiscare.com\/es\/wp-json\/wp\/v2\/comments?post=3738"}],"wp:featuredmedia":[{"embeddable":true,"href":"https:\/\/rubiscare.com\/es\/wp-json\/wp\/v2\/media\/3739"}],"wp:attachment":[{"href":"https:\/\/rubiscare.com\/es\/wp-json\/wp\/v2\/media?parent=3738"}],"wp:term":[{"taxonomy":"product_cat","embeddable":true,"href":"https:\/\/rubiscare.com\/es\/wp-json\/wp\/v2\/product_cat?post=3738"},{"taxonomy":"product_tag","embeddable":true,"href":"https:\/\/rubiscare.com\/es\/wp-json\/wp\/v2\/product_tag?post=3738"}],"curies":[{"name":"wp","href":"https:\/\/api.w.org\/{rel}","templated":true}]}}