{"id":3737,"date":"2020-12-16T10:12:50","date_gmt":"2020-12-16T10:12:50","guid":{"rendered":"https:\/\/rubiscare.com\/?post_type=product&#038;p=3737"},"modified":"2020-12-16T10:12:51","modified_gmt":"2020-12-16T10:12:51","slug":"rubis-250-ml-de-jabon-liquido","status":"publish","type":"product","link":"https:\/\/rubiscare.com\/es\/producto\/rubis-250-ml-de-jabon-liquido\/","title":{"rendered":"Rubis &#8211; 250 ml de Jab\u00f3n L\u00edquido"},"content":{"rendered":"<p>250 ml de jab\u00f3n l\u00edquido en botella de pl\u00e1stico<\/p>\n<p><strong>Numero de piezas en una caja:<\/strong><br \/>\n24<\/p>\n<p><strong>Peso de la caja:<\/strong><br \/>\n6 kg<\/p>\n<p><strong>C\u00f3digo de Barras:\u00a0<\/strong><\/p>\n<p>Aloe Vera: 869 2624 154 645<\/p>\n<p><main id=\"main\" class=\"\"><\/p>\n<div class=\"shop-container\">\n<div id=\"product-2285\" class=\"post-2285 product type-product status-publish has-post-thumbnail product_cat-jabon-liquido first instock shipping-taxable product-type-simple\">\n<div class=\"custom-product-page\">\n<div id=\"row-498865696\" class=\"row has-block tooltipstered\">\n<div class=\"col small-12 large-12\">\n<div class=\"col-inner\">\n<p>&nbsp;<\/p>\n<p>&nbsp;<\/p>\n<\/div>\n<\/div>\n<\/div>\n<\/div>\n<\/div>\n<\/div>\n<p><\/main><\/p>\n<footer id=\"footer\" class=\"footer-wrapper\">\n<section id=\"section_940193690\" class=\"section has-block tooltipstered\">\n<div class=\"bg section-bg fill bg-fill  bg-loaded\"><\/div>\n<\/section>\n<\/footer>\n","protected":false},"excerpt":{"rendered":"<p>&nbsp;<\/p>\n<p><strong>Variante:<br \/>\n<\/strong>Aloe Vera<\/p>\n<p><strong>C\u00f3digo de Producto:<br \/>\n<\/strong>RH-3<\/p>\n","protected":false},"featured_media":2290,"comment_status":"open","ping_status":"closed","template":"","meta":[],"product_cat":[783],"product_tag":[],"aioseo_notices":[],"_links":{"self":[{"href":"https:\/\/rubiscare.com\/es\/wp-json\/wp\/v2\/product\/3737"}],"collection":[{"href":"https:\/\/rubiscare.com\/es\/wp-json\/wp\/v2\/product"}],"about":[{"href":"https:\/\/rubiscare.com\/es\/wp-json\/wp\/v2\/types\/product"}],"replies":[{"embeddable":true,"href":"https:\/\/rubiscare.com\/es\/wp-json\/wp\/v2\/comments?post=3737"}],"wp:featuredmedia":[{"embeddable":true,"href":"https:\/\/rubiscare.com\/es\/wp-json\/wp\/v2\/media\/2290"}],"wp:attachment":[{"href":"https:\/\/rubiscare.com\/es\/wp-json\/wp\/v2\/media?parent=3737"}],"wp:term":[{"taxonomy":"product_cat","embeddable":true,"href":"https:\/\/rubiscare.com\/es\/wp-json\/wp\/v2\/product_cat?post=3737"},{"taxonomy":"product_tag","embeddable":true,"href":"https:\/\/rubiscare.com\/es\/wp-json\/wp\/v2\/product_tag?post=3737"}],"curies":[{"name":"wp","href":"https:\/\/api.w.org\/{rel}","templated":true}]}}