{"id":3679,"date":"2020-12-04T09:14:25","date_gmt":"2020-12-04T09:14:25","guid":{"rendered":"https:\/\/rubiscare.com\/?post_type=product&#038;p=3679"},"modified":"2020-12-04T09:14:26","modified_gmt":"2020-12-04T09:14:26","slug":"rubis-750-ml-jabon-liquido-multiproposito","status":"publish","type":"product","link":"https:\/\/rubiscare.com\/es\/producto\/rubis-750-ml-jabon-liquido-multiproposito\/","title":{"rendered":"Rubis &#8211; 750 ml jab\u00f3n l\u00edquido multiprop\u00f3sito"},"content":{"rendered":"<p>750 ml Jab\u00f3n L\u00edquido Multiprop\u00f3sito en botella de polietileno con trigger<\/p>\n<p><strong>Numero de piezas en una caja:<\/strong><br \/>\n12<\/p>\n<p><strong>Peso de la caja:<\/strong><br \/>\n9 kg<\/p>\n<p><strong>C\u00f3digo de Barras:<br \/>\n<\/strong>869 2624 153 556<\/p>\n","protected":false},"excerpt":{"rendered":"<div>Muy demandado en la industria gracias a su rico material y precio econ\u00f3mico<\/div>\n<p><strong>Variante:<br \/>\n<\/strong>Jab\u00f3n L\u00edquido Multiprop\u00f3sito 750 ml<\/p>\n<p><strong>C\u00f3digo de Producto:<br \/>\n<\/strong>RH-15<\/p>\n","protected":false},"featured_media":3680,"comment_status":"open","ping_status":"closed","template":"","meta":[],"product_cat":[767],"product_tag":[],"aioseo_notices":[],"_links":{"self":[{"href":"https:\/\/rubiscare.com\/es\/wp-json\/wp\/v2\/product\/3679"}],"collection":[{"href":"https:\/\/rubiscare.com\/es\/wp-json\/wp\/v2\/product"}],"about":[{"href":"https:\/\/rubiscare.com\/es\/wp-json\/wp\/v2\/types\/product"}],"replies":[{"embeddable":true,"href":"https:\/\/rubiscare.com\/es\/wp-json\/wp\/v2\/comments?post=3679"}],"wp:featuredmedia":[{"embeddable":true,"href":"https:\/\/rubiscare.com\/es\/wp-json\/wp\/v2\/media\/3680"}],"wp:attachment":[{"href":"https:\/\/rubiscare.com\/es\/wp-json\/wp\/v2\/media?parent=3679"}],"wp:term":[{"taxonomy":"product_cat","embeddable":true,"href":"https:\/\/rubiscare.com\/es\/wp-json\/wp\/v2\/product_cat?post=3679"},{"taxonomy":"product_tag","embeddable":true,"href":"https:\/\/rubiscare.com\/es\/wp-json\/wp\/v2\/product_tag?post=3679"}],"curies":[{"name":"wp","href":"https:\/\/api.w.org\/{rel}","templated":true}]}}