{"id":3669,"date":"2020-12-03T12:51:42","date_gmt":"2020-12-03T12:51:42","guid":{"rendered":"https:\/\/rubiscare.com\/?post_type=product&#038;p=3669"},"modified":"2020-12-03T12:51:43","modified_gmt":"2020-12-03T12:51:43","slug":"rubis-5000-ml-jabon-liquido-multiproposito","status":"publish","type":"product","link":"https:\/\/rubiscare.com\/es\/producto\/rubis-5000-ml-jabon-liquido-multiproposito\/","title":{"rendered":"Rubis &#8211; 5000 ml jab\u00f3n l\u00edquido multiprop\u00f3sito"},"content":{"rendered":"<p>5000 ml Jab\u00f3n L\u00edquido Multiprop\u00f3sito en botella de polietileno<\/p>\n<p><strong>Numero de piezas en una caja:<\/strong><br \/>\n4<\/p>\n<p><strong>Peso de la caja:<\/strong><br \/>\n20 kg<\/p>\n<p><strong>C\u00f3digo de Barras:<br \/>\n<\/strong>869 2624 153 778<\/p>\n","protected":false},"excerpt":{"rendered":"<div>Muy demandado en la industria gracias a su rico material y precio econ\u00f3mico<\/div>\n<p><strong>Variante:<br \/>\n<\/strong>Jab\u00f3n L\u00edquido Multiprop\u00f3sito 5000 ml<\/p>\n<p><strong>C\u00f3digo de Producto:<br \/>\n<\/strong>RH-16-B<\/p>\n","protected":false},"featured_media":3670,"comment_status":"open","ping_status":"closed","template":"","meta":[],"product_cat":[767],"product_tag":[],"aioseo_notices":[],"_links":{"self":[{"href":"https:\/\/rubiscare.com\/es\/wp-json\/wp\/v2\/product\/3669"}],"collection":[{"href":"https:\/\/rubiscare.com\/es\/wp-json\/wp\/v2\/product"}],"about":[{"href":"https:\/\/rubiscare.com\/es\/wp-json\/wp\/v2\/types\/product"}],"replies":[{"embeddable":true,"href":"https:\/\/rubiscare.com\/es\/wp-json\/wp\/v2\/comments?post=3669"}],"wp:featuredmedia":[{"embeddable":true,"href":"https:\/\/rubiscare.com\/es\/wp-json\/wp\/v2\/media\/3670"}],"wp:attachment":[{"href":"https:\/\/rubiscare.com\/es\/wp-json\/wp\/v2\/media?parent=3669"}],"wp:term":[{"taxonomy":"product_cat","embeddable":true,"href":"https:\/\/rubiscare.com\/es\/wp-json\/wp\/v2\/product_cat?post=3669"},{"taxonomy":"product_tag","embeddable":true,"href":"https:\/\/rubiscare.com\/es\/wp-json\/wp\/v2\/product_tag?post=3669"}],"curies":[{"name":"wp","href":"https:\/\/api.w.org\/{rel}","templated":true}]}}