{"id":3667,"date":"2020-06-14T12:33:44","date_gmt":"2020-12-03T12:44:58","guid":{"rendered":"https:\/\/rubiscare.com\/?post_type=product&#038;p=3667"},"modified":"2020-12-03T12:45:01","modified_gmt":"2020-12-03T12:45:01","slug":"rubis-2500-ml-jabon-liquido-multiproposito","status":"publish","type":"product","link":"https:\/\/rubiscare.com\/es\/producto\/rubis-2500-ml-jabon-liquido-multiproposito\/","title":{"rendered":"Rubis &#8211; 2500 ml jab\u00f3n l\u00edquido multiprop\u00f3sito"},"content":{"rendered":"<p>2500 ml Jab\u00f3n L\u00edquido Multiprop\u00f3sito en botella de polietileno<\/p>\n<p><strong>Numero de piezas en una caja:<\/strong><br \/>\n5<\/p>\n<p><strong>Peso de la caja:<\/strong><br \/>\n12,5 kg<\/p>\n<p><strong>C\u00f3digo de Barras:<br \/>\n<\/strong>869 2624 153 563<\/p>\n","protected":false},"excerpt":{"rendered":"<div><\/div>\n<div>Muy demandado en la industria gracias a su rico material y precio econ\u00f3mico<\/div>\n<p><strong>Variante:<br \/>\n<\/strong>Jab\u00f3n L\u00edquido Multiprop\u00f3sito 2500 ml<\/p>\n<p><strong>C\u00f3digo de Producto:<br \/>\n<\/strong>RH-16<\/p>\n","protected":false},"featured_media":3668,"comment_status":"open","ping_status":"closed","template":"","meta":[],"product_cat":[767],"product_tag":[],"aioseo_notices":[],"_links":{"self":[{"href":"https:\/\/rubiscare.com\/es\/wp-json\/wp\/v2\/product\/3667"}],"collection":[{"href":"https:\/\/rubiscare.com\/es\/wp-json\/wp\/v2\/product"}],"about":[{"href":"https:\/\/rubiscare.com\/es\/wp-json\/wp\/v2\/types\/product"}],"replies":[{"embeddable":true,"href":"https:\/\/rubiscare.com\/es\/wp-json\/wp\/v2\/comments?post=3667"}],"wp:featuredmedia":[{"embeddable":true,"href":"https:\/\/rubiscare.com\/es\/wp-json\/wp\/v2\/media\/3668"}],"wp:attachment":[{"href":"https:\/\/rubiscare.com\/es\/wp-json\/wp\/v2\/media?parent=3667"}],"wp:term":[{"taxonomy":"product_cat","embeddable":true,"href":"https:\/\/rubiscare.com\/es\/wp-json\/wp\/v2\/product_cat?post=3667"},{"taxonomy":"product_tag","embeddable":true,"href":"https:\/\/rubiscare.com\/es\/wp-json\/wp\/v2\/product_tag?post=3667"}],"curies":[{"name":"wp","href":"https:\/\/api.w.org\/{rel}","templated":true}]}}