{"id":3642,"date":"2020-12-03T11:38:23","date_gmt":"2020-12-03T11:38:23","guid":{"rendered":"https:\/\/rubiscare.com\/?post_type=product&#038;p=3642"},"modified":"2020-12-03T11:38:24","modified_gmt":"2020-12-03T11:38:24","slug":"rubis-250-ml-locion-para-las-manos-y-el-cuerpo","status":"publish","type":"product","link":"https:\/\/rubiscare.com\/es\/producto\/rubis-250-ml-locion-para-las-manos-y-el-cuerpo\/","title":{"rendered":"Rubis &#8211; 250 ml  Loci\u00f3n para las manos y el cuerpo"},"content":{"rendered":"<p>250 ml loci\u00f3n para manos y cuerpo en botella de pl\u00e1stico<\/p>\n<p><strong>Numero de piezas en una caja:<\/strong><br \/>\n24<\/p>\n<p><strong>Peso de la caja:<\/strong><br \/>\n6 kg<\/p>\n<p><strong>C\u00f3digo de Barras:<br \/>\n<\/strong>Coco: 8692624150753<br \/>\nAceiete de Oliva: 8692624150715<br \/>\nLavanda: 8692624150678<br \/>\nArgan: 8692624150630<\/p>\n","protected":false},"excerpt":{"rendered":"<p>Usar en cualquier momento durante la ma\u00f1ana, tarde o d\u00eda. Deja una fragancia delicada en la piel.<\/p>\n<p><strong>Variante:<br \/>\n<\/strong>Aceite de Oliva, Lavanda, Coco, Argan<\/p>\n<p><strong>C\u00f3digo de Producto:<br \/>\n<\/strong>K001<\/p>\n","protected":false},"featured_media":3655,"comment_status":"open","ping_status":"closed","template":"","meta":[],"product_cat":[766],"product_tag":[],"aioseo_notices":[],"_links":{"self":[{"href":"https:\/\/rubiscare.com\/es\/wp-json\/wp\/v2\/product\/3642"}],"collection":[{"href":"https:\/\/rubiscare.com\/es\/wp-json\/wp\/v2\/product"}],"about":[{"href":"https:\/\/rubiscare.com\/es\/wp-json\/wp\/v2\/types\/product"}],"replies":[{"embeddable":true,"href":"https:\/\/rubiscare.com\/es\/wp-json\/wp\/v2\/comments?post=3642"}],"wp:featuredmedia":[{"embeddable":true,"href":"https:\/\/rubiscare.com\/es\/wp-json\/wp\/v2\/media\/3655"}],"wp:attachment":[{"href":"https:\/\/rubiscare.com\/es\/wp-json\/wp\/v2\/media?parent=3642"}],"wp:term":[{"taxonomy":"product_cat","embeddable":true,"href":"https:\/\/rubiscare.com\/es\/wp-json\/wp\/v2\/product_cat?post=3642"},{"taxonomy":"product_tag","embeddable":true,"href":"https:\/\/rubiscare.com\/es\/wp-json\/wp\/v2\/product_tag?post=3642"}],"curies":[{"name":"wp","href":"https:\/\/api.w.org\/{rel}","templated":true}]}}