{"id":3633,"date":"2020-12-03T11:10:19","date_gmt":"2020-12-03T11:10:19","guid":{"rendered":"https:\/\/rubiscare.com\/?post_type=product&#038;p=3633"},"modified":"2020-12-03T11:10:20","modified_gmt":"2020-12-03T11:10:20","slug":"rubis-400-ml-acondicionador-de-pelo","status":"publish","type":"product","link":"https:\/\/rubiscare.com\/es\/producto\/rubis-400-ml-acondicionador-de-pelo\/","title":{"rendered":"Rubis &#8211; 400 ml  Acondicionador de Pelo"},"content":{"rendered":"<p>400 ml Acondicionador de Pelo en botella de pl\u00e1stico<\/p>\n<p><strong>Numero de piezas en una caja:<\/strong><br \/>\n12<\/p>\n<p><strong>Peso de la caja:<\/strong><br \/>\n6 kg<\/p>\n<p><strong>C\u00f3digo de Barras:<br \/>\n<\/strong>Argan: 8692624150623<br \/>\nAceite de Oliva: 8692624150708<br \/>\nLavanda: 8692624150661<br \/>\nCoco: 8692624150739<\/p>\n","protected":false},"excerpt":{"rendered":"<p>Transforma tu pelo seco y da\u00f1ado a uno fuerte y brillante. M\u00e1s suave y m\u00e1s liso tu pelo.<\/p>\n<p><strong>Variante:<br \/>\n<\/strong>Aceite de Oliva, Lavanda, Coco, Argan<\/p>\n<p><strong>C\u00f3digo de Producto:<br \/>\n<\/strong>K005<\/p>\n","protected":false},"featured_media":3639,"comment_status":"open","ping_status":"closed","template":"","meta":[],"product_cat":[766],"product_tag":[],"aioseo_notices":[],"_links":{"self":[{"href":"https:\/\/rubiscare.com\/es\/wp-json\/wp\/v2\/product\/3633"}],"collection":[{"href":"https:\/\/rubiscare.com\/es\/wp-json\/wp\/v2\/product"}],"about":[{"href":"https:\/\/rubiscare.com\/es\/wp-json\/wp\/v2\/types\/product"}],"replies":[{"embeddable":true,"href":"https:\/\/rubiscare.com\/es\/wp-json\/wp\/v2\/comments?post=3633"}],"wp:featuredmedia":[{"embeddable":true,"href":"https:\/\/rubiscare.com\/es\/wp-json\/wp\/v2\/media\/3639"}],"wp:attachment":[{"href":"https:\/\/rubiscare.com\/es\/wp-json\/wp\/v2\/media?parent=3633"}],"wp:term":[{"taxonomy":"product_cat","embeddable":true,"href":"https:\/\/rubiscare.com\/es\/wp-json\/wp\/v2\/product_cat?post=3633"},{"taxonomy":"product_tag","embeddable":true,"href":"https:\/\/rubiscare.com\/es\/wp-json\/wp\/v2\/product_tag?post=3633"}],"curies":[{"name":"wp","href":"https:\/\/api.w.org\/{rel}","templated":true}]}}