{"id":3624,"date":"2020-12-03T11:05:31","date_gmt":"2020-12-03T11:05:31","guid":{"rendered":"https:\/\/rubiscare.com\/?post_type=product&#038;p=3624"},"modified":"2020-12-03T11:05:32","modified_gmt":"2020-12-03T11:05:32","slug":"rubis-400-ml-champu","status":"publish","type":"product","link":"https:\/\/rubiscare.com\/es\/producto\/rubis-400-ml-champu\/","title":{"rendered":"Rubis &#8211; 400 ml Champ\u00fa"},"content":{"rendered":"<p>400 ml Champ\u00fa en botella de pl\u00e1stico<\/p>\n<p><strong>Numero de piezas en una caja:<\/strong><br \/>\n12<\/p>\n<p><strong>Peso de la caja:<\/strong><br \/>\n6 kg<\/p>\n<p><strong>C\u00f3digo de Barras:<br \/>\n<\/strong>Argan: 8692624150609<br \/>\nAceite de Oliva: 8692624150685<br \/>\nLavanda: 8692624150647<br \/>\nCoco : 8692624150722<\/p>\n","protected":false},"excerpt":{"rendered":"<p>Aplicarlo sobre el pelo mojado, masajear el producto en el cuero cabelludo\u00a0 y luego enjuagar<\/p>\n<p><strong>Variante:<br \/>\n<\/strong>Aceite de Oliva, Lavanda, Coco, Argan<\/p>\n<p><strong>C\u00f3digo de Producto:<br \/>\n<\/strong>K004<\/p>\n","protected":false},"featured_media":3631,"comment_status":"open","ping_status":"closed","template":"","meta":[],"product_cat":[766],"product_tag":[],"aioseo_notices":[],"_links":{"self":[{"href":"https:\/\/rubiscare.com\/es\/wp-json\/wp\/v2\/product\/3624"}],"collection":[{"href":"https:\/\/rubiscare.com\/es\/wp-json\/wp\/v2\/product"}],"about":[{"href":"https:\/\/rubiscare.com\/es\/wp-json\/wp\/v2\/types\/product"}],"replies":[{"embeddable":true,"href":"https:\/\/rubiscare.com\/es\/wp-json\/wp\/v2\/comments?post=3624"}],"wp:featuredmedia":[{"embeddable":true,"href":"https:\/\/rubiscare.com\/es\/wp-json\/wp\/v2\/media\/3631"}],"wp:attachment":[{"href":"https:\/\/rubiscare.com\/es\/wp-json\/wp\/v2\/media?parent=3624"}],"wp:term":[{"taxonomy":"product_cat","embeddable":true,"href":"https:\/\/rubiscare.com\/es\/wp-json\/wp\/v2\/product_cat?post=3624"},{"taxonomy":"product_tag","embeddable":true,"href":"https:\/\/rubiscare.com\/es\/wp-json\/wp\/v2\/product_tag?post=3624"}],"curies":[{"name":"wp","href":"https:\/\/api.w.org\/{rel}","templated":true}]}}