{"id":3615,"date":"2020-12-03T09:32:21","date_gmt":"2020-12-03T09:32:21","guid":{"rendered":"https:\/\/rubiscare.com\/?post_type=product&#038;p=3615"},"modified":"2020-12-03T09:32:21","modified_gmt":"2020-12-03T09:32:21","slug":"rubis-400-ml-gel-de-bano","status":"publish","type":"product","link":"https:\/\/rubiscare.com\/es\/producto\/rubis-400-ml-gel-de-bano\/","title":{"rendered":"Rubis &#8211; 400 ml  Gel de Ba\u00f1o"},"content":{"rendered":"<p>400 ml Gel de Ba\u00f1o en botella de pl\u00e1stico<\/p>\n<p><strong>Numero de piezas en una caja:<\/strong><br \/>\n12<\/p>\n<p><strong>Peso de la caja:<\/strong><br \/>\n6 kg<\/p>\n<p><strong>C\u00f3digo de Barras:<br \/>\n<\/strong>Aceite de Oliva : 8692624150692<br \/>\nLavanda: 8692624150654<br \/>\nCoco: 8692624150739<br \/>\nArgan: 8692624150616<\/p>\n","protected":false},"excerpt":{"rendered":"<p>Mimarte a ti y a tu piel con todas las variedades de limpiadores deliciosos en la ducha<\/p>\n<p><strong>Variante:<br \/>\n<\/strong>Aceite de Oliva, Lavanda, Coco, Argan<\/p>\n<p><strong>C\u00f3digo de Producto:<br \/>\n<\/strong>K003<\/p>\n","protected":false},"featured_media":3620,"comment_status":"open","ping_status":"closed","template":"","meta":[],"product_cat":[766],"product_tag":[],"aioseo_notices":[],"_links":{"self":[{"href":"https:\/\/rubiscare.com\/es\/wp-json\/wp\/v2\/product\/3615"}],"collection":[{"href":"https:\/\/rubiscare.com\/es\/wp-json\/wp\/v2\/product"}],"about":[{"href":"https:\/\/rubiscare.com\/es\/wp-json\/wp\/v2\/types\/product"}],"replies":[{"embeddable":true,"href":"https:\/\/rubiscare.com\/es\/wp-json\/wp\/v2\/comments?post=3615"}],"wp:featuredmedia":[{"embeddable":true,"href":"https:\/\/rubiscare.com\/es\/wp-json\/wp\/v2\/media\/3620"}],"wp:attachment":[{"href":"https:\/\/rubiscare.com\/es\/wp-json\/wp\/v2\/media?parent=3615"}],"wp:term":[{"taxonomy":"product_cat","embeddable":true,"href":"https:\/\/rubiscare.com\/es\/wp-json\/wp\/v2\/product_cat?post=3615"},{"taxonomy":"product_tag","embeddable":true,"href":"https:\/\/rubiscare.com\/es\/wp-json\/wp\/v2\/product_tag?post=3615"}],"curies":[{"name":"wp","href":"https:\/\/api.w.org\/{rel}","templated":true}]}}