{"id":3598,"date":"2020-12-02T14:29:43","date_gmt":"2020-12-02T14:29:43","guid":{"rendered":"https:\/\/rubiscare.com\/?post_type=product&#038;p=3598"},"modified":"2020-12-02T14:29:44","modified_gmt":"2020-12-02T14:29:44","slug":"rubis-jabon-exfoliante-natural","status":"publish","type":"product","link":"https:\/\/rubiscare.com\/es\/producto\/rubis-jabon-exfoliante-natural\/","title":{"rendered":"Rubis &#8211; Jab\u00f3n Exfoliante Natural"},"content":{"rendered":"<p>125 gr de barra de jab\u00f3n cuadrado en una caja<\/p>\n<p><strong>Numero de piezas en una caja:<\/strong><br \/>\n48<\/p>\n<p><strong>Peso de la caja:<\/strong><br \/>\n6 kg<\/p>\n<p><strong>C\u00f3digo de Barras:<br \/>\n<\/strong>Exfoliante: 8692624152818<\/p>\n","protected":false},"excerpt":{"rendered":"<p>El extracto de zanahoria natural es muy efectivo para el cuerpo del humano debido a sus poderes antibacterianos y curativos.<br \/>\nHidrata la piel seca y se usa como lubricante para la capa m\u00e1s externa de la piel de la humana. Este extracto tambi\u00e9n se infunde en la piel para restaurar la humedad perdida que ocurre debido a la evaporaci\u00f3n. Forma una capa protectora en la piel que le ayuda a retener su nivel de humedad natural.<br \/>\nEl betacaroteno en la zanahoria reduce la inflamaci\u00f3n de la piel, lo que acelera el proceso de curaci\u00f3n. Mediante este extracto natural de zanahoria, este jab\u00f3n exfoliar\u00e1 las c\u00e9lulas muertas de su piel y rejuvenecer\u00e1 su piel. Te sentir\u00e1s desintoxicado y relajado.<\/p>\n<p><strong>Variante:<br \/>\n<\/strong>Zanahoria<\/p>\n<p><strong>C\u00f3digo de Producto:<br \/>\n<\/strong>NC025<\/p>\n","protected":false},"featured_media":3599,"comment_status":"open","ping_status":"closed","template":"","meta":[],"product_cat":[789],"product_tag":[],"aioseo_notices":[],"_links":{"self":[{"href":"https:\/\/rubiscare.com\/es\/wp-json\/wp\/v2\/product\/3598"}],"collection":[{"href":"https:\/\/rubiscare.com\/es\/wp-json\/wp\/v2\/product"}],"about":[{"href":"https:\/\/rubiscare.com\/es\/wp-json\/wp\/v2\/types\/product"}],"replies":[{"embeddable":true,"href":"https:\/\/rubiscare.com\/es\/wp-json\/wp\/v2\/comments?post=3598"}],"wp:featuredmedia":[{"embeddable":true,"href":"https:\/\/rubiscare.com\/es\/wp-json\/wp\/v2\/media\/3599"}],"wp:attachment":[{"href":"https:\/\/rubiscare.com\/es\/wp-json\/wp\/v2\/media?parent=3598"}],"wp:term":[{"taxonomy":"product_cat","embeddable":true,"href":"https:\/\/rubiscare.com\/es\/wp-json\/wp\/v2\/product_cat?post=3598"},{"taxonomy":"product_tag","embeddable":true,"href":"https:\/\/rubiscare.com\/es\/wp-json\/wp\/v2\/product_tag?post=3598"}],"curies":[{"name":"wp","href":"https:\/\/api.w.org\/{rel}","templated":true}]}}