{"id":3595,"date":"2020-12-02T14:26:42","date_gmt":"2020-12-02T14:26:42","guid":{"rendered":"https:\/\/rubiscare.com\/?post_type=product&#038;p=3595"},"modified":"2020-12-02T14:27:05","modified_gmt":"2020-12-02T14:27:05","slug":"rubis-jabon-calmante-y-perfumante-natural","status":"publish","type":"product","link":"https:\/\/rubiscare.com\/es\/producto\/rubis-jabon-calmante-y-perfumante-natural\/","title":{"rendered":"Rubis &#8211; Jab\u00f3n  Calmante y Perfumante Natural"},"content":{"rendered":"<p>125 gr de barra de jab\u00f3n cuadrado en una caja<\/p>\n<p><strong>Numero de piezas en una caja:<\/strong><br \/>\n48<\/p>\n<p><strong>Peso de la caja:<\/strong><br \/>\n6 kg<\/p>\n<p><strong>C\u00f3digo de Barras:<br \/>\n<\/strong>Calmante y perfumante: 8692624152771<\/p>\n","protected":false},"excerpt":{"rendered":"<div>Seg\u00fan las investigaciones, se sabe que el extracto de flor de tilo org\u00e1nico tiene beneficios para la piel, tales como;<\/div>\n<div>\u2022 proporcionando una potente protecci\u00f3n antioxidante<\/div>\n<div>\u2022 desacelerando el proceso de envejecimiento de la piel<\/div>\n<div>\u2022 bloquear la humedad en la piel<\/div>\n<div>\u2022 haci\u00e9ndolo suave y flexible<\/div>\n<div>\u2022 equilibrar la producci\u00f3n de sebo natural de la piel<\/div>\n<div>\u2022 apretar y limpiar los poros y reafirmar la piel<\/div>\n<div><\/div>\n<div>Las flores org\u00e1nicas de tilo y los extractos de \u00e1rboles de t\u00e9 tienen propiedades comunes como calmar la ansiedad y aliviar la presi\u00f3n arterial alta. De esta manera, dan una sensaci\u00f3n relajante y un olor fragante.<\/div>\n<p><strong>Variante:<br \/>\n<\/strong>\u00c1rbol de tilo &amp; \u00c1rbol de t\u00e9<\/p>\n<p><strong>C\u00f3digo de Producto:<br \/>\n<\/strong>NC025<\/p>\n","protected":false},"featured_media":3597,"comment_status":"open","ping_status":"closed","template":"","meta":[],"product_cat":[789],"product_tag":[],"aioseo_notices":[],"_links":{"self":[{"href":"https:\/\/rubiscare.com\/es\/wp-json\/wp\/v2\/product\/3595"}],"collection":[{"href":"https:\/\/rubiscare.com\/es\/wp-json\/wp\/v2\/product"}],"about":[{"href":"https:\/\/rubiscare.com\/es\/wp-json\/wp\/v2\/types\/product"}],"replies":[{"embeddable":true,"href":"https:\/\/rubiscare.com\/es\/wp-json\/wp\/v2\/comments?post=3595"}],"wp:featuredmedia":[{"embeddable":true,"href":"https:\/\/rubiscare.com\/es\/wp-json\/wp\/v2\/media\/3597"}],"wp:attachment":[{"href":"https:\/\/rubiscare.com\/es\/wp-json\/wp\/v2\/media?parent=3595"}],"wp:term":[{"taxonomy":"product_cat","embeddable":true,"href":"https:\/\/rubiscare.com\/es\/wp-json\/wp\/v2\/product_cat?post=3595"},{"taxonomy":"product_tag","embeddable":true,"href":"https:\/\/rubiscare.com\/es\/wp-json\/wp\/v2\/product_tag?post=3595"}],"curies":[{"name":"wp","href":"https:\/\/api.w.org\/{rel}","templated":true}]}}