{"id":3593,"date":"2020-12-02T14:23:34","date_gmt":"2020-12-02T14:23:34","guid":{"rendered":"https:\/\/rubiscare.com\/?post_type=product&#038;p=3593"},"modified":"2020-12-02T14:23:35","modified_gmt":"2020-12-02T14:23:35","slug":"rubis-jabon-antioxidante-natural","status":"publish","type":"product","link":"https:\/\/rubiscare.com\/es\/producto\/rubis-jabon-antioxidante-natural\/","title":{"rendered":"Rubis &#8211; Jab\u00f3n Antioxidante Natural"},"content":{"rendered":"<p>125 gr de barra de jab\u00f3n cuadrado en una caja<\/p>\n<p><strong>Numero de piezas en una caja:<\/strong><br \/>\n48<\/p>\n<p><strong>Peso de la caja:<\/strong><br \/>\n6 kg<\/p>\n<p><strong>C\u00f3digo de Barras:<br \/>\n<\/strong>Antioxidante: 8692624152795<\/p>\n","protected":false},"excerpt":{"rendered":"<p>El cacao en polvo org\u00e1nico se deriva de los granos que contienen grandes cantidades de antioxidantes naturales. Los investigadores encontraron que el cacao natural contiene la mayor capacidad del antioxidante.<br \/>\nEl uso de extracto de cacao org\u00e1nico ayuda a proteger la piel de los radicales libres y ayuda a destruir los signos del envejecimiento. Tambi\u00e9n puede aumentar la elasticidad de su piel, lo que ayuda con l\u00edneas finas, arrugas y reduce la aparici\u00f3n de cicatrices.<br \/>\nSe puede usar para mantener la salud de la piel debido a los flavonoles. Los flavonoles disminuyen los efectos nocivos de los rayos UV en la piel al tiempo que mejoran la elasticidad y la hidrataci\u00f3n.<br \/>\nEstas propiedades ayudan a suavizar, aclarar y desintoxicar tu piel.<\/p>\n<p><strong>Variante:<br \/>\n<\/strong>Cacao<\/p>\n<p><strong>C\u00f3digo de Producto:<br \/>\n<\/strong>NC025<\/p>\n","protected":false},"featured_media":3594,"comment_status":"open","ping_status":"closed","template":"","meta":[],"product_cat":[789],"product_tag":[],"aioseo_notices":[],"_links":{"self":[{"href":"https:\/\/rubiscare.com\/es\/wp-json\/wp\/v2\/product\/3593"}],"collection":[{"href":"https:\/\/rubiscare.com\/es\/wp-json\/wp\/v2\/product"}],"about":[{"href":"https:\/\/rubiscare.com\/es\/wp-json\/wp\/v2\/types\/product"}],"replies":[{"embeddable":true,"href":"https:\/\/rubiscare.com\/es\/wp-json\/wp\/v2\/comments?post=3593"}],"wp:featuredmedia":[{"embeddable":true,"href":"https:\/\/rubiscare.com\/es\/wp-json\/wp\/v2\/media\/3594"}],"wp:attachment":[{"href":"https:\/\/rubiscare.com\/es\/wp-json\/wp\/v2\/media?parent=3593"}],"wp:term":[{"taxonomy":"product_cat","embeddable":true,"href":"https:\/\/rubiscare.com\/es\/wp-json\/wp\/v2\/product_cat?post=3593"},{"taxonomy":"product_tag","embeddable":true,"href":"https:\/\/rubiscare.com\/es\/wp-json\/wp\/v2\/product_tag?post=3593"}],"curies":[{"name":"wp","href":"https:\/\/api.w.org\/{rel}","templated":true}]}}