{"id":3591,"date":"2020-12-02T14:17:30","date_gmt":"2020-12-02T14:17:30","guid":{"rendered":"https:\/\/rubiscare.com\/?post_type=product&#038;p=3591"},"modified":"2020-12-02T14:17:31","modified_gmt":"2020-12-02T14:17:31","slug":"rubis-jabon-acondicionador-especial-de-la-piel-natural","status":"publish","type":"product","link":"https:\/\/rubiscare.com\/es\/producto\/rubis-jabon-acondicionador-especial-de-la-piel-natural\/","title":{"rendered":"Rubis &#8211; Jab\u00f3n Acondicionador Especial de la piel Natural"},"content":{"rendered":"<p>125 gr de barra de jab\u00f3n cuadrado en una caja<\/p>\n<p><strong>Numero de piezas en una caja:<\/strong><br \/>\n48<\/p>\n<p><strong>Peso de la caja:<\/strong><br \/>\n6 kg<\/p>\n<p><strong>C\u00f3digo de Barras:<br \/>\n<\/strong>Acondicionador especial de la piel : 8692624152788<\/p>\n","protected":false},"excerpt":{"rendered":"<p>Contiene aceite de arg\u00e1n y aceite de papaya, este jab\u00f3n humecta profundamente la piel sin una sensaci\u00f3n grasosa, suaviza la piel con una estructura hidratante intensa y ayuda a proteger contra factores externos.<br \/>\nEl extracto de arg\u00e1n org\u00e1nico tiene muchos beneficios, como proteger la piel del da\u00f1o solar, hidratar la piel, tratar el acn\u00e9, mejorar la cicatrizaci\u00f3n de heridas, tener efectos antienvejecimiento y reducir la grasa de la piel.<br \/>\nUna enzima exfoliante natural, la papa\u00edna ayuda a rejuvenecer su cutis al eliminar las c\u00e9lulas muertas, la suciedad y el exceso de grasa. Esta enzima puede descomponer las c\u00e9lulas muertas de la piel y el sebo en los poros, revelando la piel fresca y suave debajo.<\/p>\n<p><strong>Variante:<br \/>\n<\/strong>Arg\u00e1n &amp; Papaya<\/p>\n<p><strong>C\u00f3digo de Producto:<br \/>\n<\/strong>NC025<\/p>\n","protected":false},"featured_media":3592,"comment_status":"open","ping_status":"closed","template":"","meta":[],"product_cat":[789],"product_tag":[],"aioseo_notices":[],"_links":{"self":[{"href":"https:\/\/rubiscare.com\/es\/wp-json\/wp\/v2\/product\/3591"}],"collection":[{"href":"https:\/\/rubiscare.com\/es\/wp-json\/wp\/v2\/product"}],"about":[{"href":"https:\/\/rubiscare.com\/es\/wp-json\/wp\/v2\/types\/product"}],"replies":[{"embeddable":true,"href":"https:\/\/rubiscare.com\/es\/wp-json\/wp\/v2\/comments?post=3591"}],"wp:featuredmedia":[{"embeddable":true,"href":"https:\/\/rubiscare.com\/es\/wp-json\/wp\/v2\/media\/3592"}],"wp:attachment":[{"href":"https:\/\/rubiscare.com\/es\/wp-json\/wp\/v2\/media?parent=3591"}],"wp:term":[{"taxonomy":"product_cat","embeddable":true,"href":"https:\/\/rubiscare.com\/es\/wp-json\/wp\/v2\/product_cat?post=3591"},{"taxonomy":"product_tag","embeddable":true,"href":"https:\/\/rubiscare.com\/es\/wp-json\/wp\/v2\/product_tag?post=3591"}],"curies":[{"name":"wp","href":"https:\/\/api.w.org\/{rel}","templated":true}]}}