{"id":3589,"date":"2020-12-02T14:12:29","date_gmt":"2020-12-02T14:12:29","guid":{"rendered":"https:\/\/rubiscare.com\/?post_type=product&#038;p=3589"},"modified":"2020-12-02T14:12:31","modified_gmt":"2020-12-02T14:12:31","slug":"rubis-jabon-enmascaramiento-natural","status":"publish","type":"product","link":"https:\/\/rubiscare.com\/es\/producto\/rubis-jabon-enmascaramiento-natural\/","title":{"rendered":"Rubis &#8211; Jab\u00f3n Enmascaramiento Natural"},"content":{"rendered":"<p>125 gr de barra de jab\u00f3n cuadrado en una caja<\/p>\n<p><strong>Numero de piezas en una caja:<\/strong><br \/>\n48<\/p>\n<p><strong>Peso de la caja:<\/strong><br \/>\n6 kg<\/p>\n<p><strong>C\u00f3digo de Barras:<br \/>\n<\/strong>Enmascaramiento: 8692624152801<\/p>\n","protected":false},"excerpt":{"rendered":"<p>El extracto de canela natural tiene muchos beneficios para la piel, como curar el acn\u00e9, agregar humedad a la piel, ayudar al tratamiento de la piel seca y luchar contra el eccema. Gracias a las propiedades antif\u00fangicas y antibacterianas, la canela ayuda a mejorar el cutis.<br \/>\nAdem\u00e1s, el extracto natural de c\u00farcuma tiene propiedades antimicrobianas y antioxidantes que pueden ayudar a:<br \/>\n\u2022 curar heridas<br \/>\n\u2022 combatir el eccema y la psoriasis<br \/>\n\u2022 reducir las cicatrices del acn\u00e9<br \/>\n\u2022 aclarar las ojeras<br \/>\nEste jab\u00f3n contiene compuestos naturales que promueven la circulaci\u00f3n y traen m\u00e1s sangre hacia su piel, nutri\u00e9ndola y rellen\u00e1ndola. Al hacerlo, las l\u00edneas finas comenzar\u00e1n a desvanecerse.<\/p>\n<p><strong>Variante:<br \/>\n<\/strong>Canela &amp; C\u00farcuma<\/p>\n<p><strong>C\u00f3digo de Producto:<br \/>\n<\/strong>NC025<\/p>\n","protected":false},"featured_media":3590,"comment_status":"open","ping_status":"closed","template":"","meta":[],"product_cat":[789],"product_tag":[],"aioseo_notices":[],"_links":{"self":[{"href":"https:\/\/rubiscare.com\/es\/wp-json\/wp\/v2\/product\/3589"}],"collection":[{"href":"https:\/\/rubiscare.com\/es\/wp-json\/wp\/v2\/product"}],"about":[{"href":"https:\/\/rubiscare.com\/es\/wp-json\/wp\/v2\/types\/product"}],"replies":[{"embeddable":true,"href":"https:\/\/rubiscare.com\/es\/wp-json\/wp\/v2\/comments?post=3589"}],"wp:featuredmedia":[{"embeddable":true,"href":"https:\/\/rubiscare.com\/es\/wp-json\/wp\/v2\/media\/3590"}],"wp:attachment":[{"href":"https:\/\/rubiscare.com\/es\/wp-json\/wp\/v2\/media?parent=3589"}],"wp:term":[{"taxonomy":"product_cat","embeddable":true,"href":"https:\/\/rubiscare.com\/es\/wp-json\/wp\/v2\/product_cat?post=3589"},{"taxonomy":"product_tag","embeddable":true,"href":"https:\/\/rubiscare.com\/es\/wp-json\/wp\/v2\/product_tag?post=3589"}],"curies":[{"name":"wp","href":"https:\/\/api.w.org\/{rel}","templated":true}]}}