{"id":3587,"date":"2020-12-02T14:07:21","date_gmt":"2020-12-02T14:07:21","guid":{"rendered":"https:\/\/rubiscare.com\/?post_type=product&#038;p=3587"},"modified":"2020-12-02T14:07:22","modified_gmt":"2020-12-02T14:07:22","slug":"rubis-jabon-emoliente-y-refrescante-natural","status":"publish","type":"product","link":"https:\/\/rubiscare.com\/es\/producto\/rubis-jabon-emoliente-y-refrescante-natural\/","title":{"rendered":"Rubis &#8211; Jab\u00f3n Emoliente y Refrescante Natural"},"content":{"rendered":"<p>125 gr de barra de jab\u00f3n cuadrado en una caja<\/p>\n<p><strong>Numero de piezas en una caja:<\/strong><br \/>\n48<\/p>\n<p><strong>Peso de la caja:<\/strong><br \/>\n6 kg<\/p>\n<p><strong>C\u00f3digo de Barras:\u00a0<\/strong><\/p>\n<p>Emoliente y Refrescante: 8692624152764<\/p>\n","protected":false},"excerpt":{"rendered":"<p>Seg\u00fan las investigaciones, se sabe que el extracto org\u00e1nico de aloe vera tiene beneficios para la piel, tales como;<br \/>\n\u2022 calmante quemaduras solares<br \/>\n\u2022 aliviar la irritaci\u00f3n de la piel<br \/>\n\u2022 agregar humedad<br \/>\n\u2022 ralentizar los signos del envejecimiento<br \/>\n\u2022 Prevenci\u00f3n de manchas oscuras.<br \/>\nGracias al rico aroma org\u00e1nico del aloe vera y el aguacate, este jab\u00f3n humecta y suaviza tu piel. Este jab\u00f3n proporcionar\u00e1 el deseado efecto juvenil y radiante. La vitamina E en estas plantas promueve la suavidad y previene las arrugas al darle a su piel un efecto emoliente y refrescante.<br \/>\nAdem\u00e1s de la vitamina E, el extracto org\u00e1nico de aguacate contiene potasio, lecitina y muchos otros nutrientes que pueden nutrir e hidratar la piel.<\/p>\n<p><strong>Variante:<br \/>\n<\/strong>Aloe Vera &amp; Aguacate<\/p>\n<p><strong>C\u00f3digo de Producto:<br \/>\n<\/strong>NC025<\/p>\n","protected":false},"featured_media":3588,"comment_status":"open","ping_status":"closed","template":"","meta":[],"product_cat":[789],"product_tag":[],"aioseo_notices":[],"_links":{"self":[{"href":"https:\/\/rubiscare.com\/es\/wp-json\/wp\/v2\/product\/3587"}],"collection":[{"href":"https:\/\/rubiscare.com\/es\/wp-json\/wp\/v2\/product"}],"about":[{"href":"https:\/\/rubiscare.com\/es\/wp-json\/wp\/v2\/types\/product"}],"replies":[{"embeddable":true,"href":"https:\/\/rubiscare.com\/es\/wp-json\/wp\/v2\/comments?post=3587"}],"wp:featuredmedia":[{"embeddable":true,"href":"https:\/\/rubiscare.com\/es\/wp-json\/wp\/v2\/media\/3588"}],"wp:attachment":[{"href":"https:\/\/rubiscare.com\/es\/wp-json\/wp\/v2\/media?parent=3587"}],"wp:term":[{"taxonomy":"product_cat","embeddable":true,"href":"https:\/\/rubiscare.com\/es\/wp-json\/wp\/v2\/product_cat?post=3587"},{"taxonomy":"product_tag","embeddable":true,"href":"https:\/\/rubiscare.com\/es\/wp-json\/wp\/v2\/product_tag?post=3587"}],"curies":[{"name":"wp","href":"https:\/\/api.w.org\/{rel}","templated":true}]}}