{"id":3583,"date":"2020-12-02T13:48:56","date_gmt":"2020-12-02T13:48:56","guid":{"rendered":"https:\/\/rubiscare.com\/?post_type=product&#038;p=3583"},"modified":"2020-12-02T13:48:56","modified_gmt":"2020-12-02T13:48:56","slug":"rubis-serie-de-lujo-flor-de-naranja","status":"publish","type":"product","link":"https:\/\/rubiscare.com\/es\/producto\/rubis-serie-de-lujo-flor-de-naranja\/","title":{"rendered":"Rubis &#8211; Serie de Lujo Flor de Naranja"},"content":{"rendered":"<p>125 gr de barra de jab\u00f3n cuadrado en una caja<\/p>\n<p><strong>Numero de piezas en una caja:<\/strong><br \/>\n48<\/p>\n<p><strong>Peso de la caja:<\/strong><br \/>\n6 kg<\/p>\n<p><strong>C\u00f3digo de Barras:\u00a0<\/strong><\/p>\n<p>Flor de Naranja: 8692624152993<\/p>\n","protected":false},"excerpt":{"rendered":"<p>Despierta y siente el aroma del jugo de naranja reci\u00e9n exprimido. Este jab\u00f3n es rico en contenido c\u00edtrico que ayuda a la exfoliaci\u00f3n de la piel. Y ayuda a secar el acn\u00e9. Es rico en vitamina C. Por lo tanto, proporciona una limpieza profunda de la piel. Es suave, ligeramente exfoliante y refrescante.<\/p>\n<p><strong>Variante:<br \/>\n<\/strong>Flor de Naranja<\/p>\n<p><strong>C\u00f3digo de Producto:<br \/>\n<\/strong>LC70<\/p>\n","protected":false},"featured_media":3584,"comment_status":"open","ping_status":"closed","template":"","meta":[],"product_cat":[788],"product_tag":[],"aioseo_notices":[],"_links":{"self":[{"href":"https:\/\/rubiscare.com\/es\/wp-json\/wp\/v2\/product\/3583"}],"collection":[{"href":"https:\/\/rubiscare.com\/es\/wp-json\/wp\/v2\/product"}],"about":[{"href":"https:\/\/rubiscare.com\/es\/wp-json\/wp\/v2\/types\/product"}],"replies":[{"embeddable":true,"href":"https:\/\/rubiscare.com\/es\/wp-json\/wp\/v2\/comments?post=3583"}],"wp:featuredmedia":[{"embeddable":true,"href":"https:\/\/rubiscare.com\/es\/wp-json\/wp\/v2\/media\/3584"}],"wp:attachment":[{"href":"https:\/\/rubiscare.com\/es\/wp-json\/wp\/v2\/media?parent=3583"}],"wp:term":[{"taxonomy":"product_cat","embeddable":true,"href":"https:\/\/rubiscare.com\/es\/wp-json\/wp\/v2\/product_cat?post=3583"},{"taxonomy":"product_tag","embeddable":true,"href":"https:\/\/rubiscare.com\/es\/wp-json\/wp\/v2\/product_tag?post=3583"}],"curies":[{"name":"wp","href":"https:\/\/api.w.org\/{rel}","templated":true}]}}