{"id":3418,"date":"2020-12-01T13:57:36","date_gmt":"2020-12-01T13:57:36","guid":{"rendered":"https:\/\/rubiscare.com\/?post_type=product&#038;p=3418"},"modified":"2020-12-01T14:02:09","modified_gmt":"2020-12-01T14:02:09","slug":"rubis-citron-laundry-soap-bar-900-gr","status":"publish","type":"product","link":"https:\/\/rubiscare.com\/es\/producto\/rubis-citron-laundry-soap-bar-900-gr\/","title":{"rendered":"Rubis \u2013 Citron  Laundry Soap Bar 900 gr"},"content":{"rendered":"<p>Una barra de jab\u00f3n de 900 gr en una l\u00e1mina impresa<\/p>\n<p><strong>Numero de piezas en una caja:<\/strong><br \/>\n16<\/p>\n<p><strong>Peso de la caja:<\/strong><br \/>\n14,4 kg<\/p>\n<p><strong>C\u00f3digo de Barras:\u00a0<\/strong><\/p>\n<p>900 gr Citron: 869 2624 150 173<\/p>\n","protected":false},"excerpt":{"rendered":"<p>Combin\u00f3 la experiencia relajante del ba\u00f1o con la limpieza de sus prendas y platos en este paquete m\u00e1gico<\/p>\n<p><strong>Variante:<br \/>\n<\/strong>Citron<\/p>\n<p><strong>C\u00f3digo de Producto:<br \/>\n<\/strong>C057<\/p>\n","protected":false},"featured_media":3419,"comment_status":"open","ping_status":"closed","template":"","meta":[],"product_cat":[784],"product_tag":[],"aioseo_notices":[],"_links":{"self":[{"href":"https:\/\/rubiscare.com\/es\/wp-json\/wp\/v2\/product\/3418"}],"collection":[{"href":"https:\/\/rubiscare.com\/es\/wp-json\/wp\/v2\/product"}],"about":[{"href":"https:\/\/rubiscare.com\/es\/wp-json\/wp\/v2\/types\/product"}],"replies":[{"embeddable":true,"href":"https:\/\/rubiscare.com\/es\/wp-json\/wp\/v2\/comments?post=3418"}],"wp:featuredmedia":[{"embeddable":true,"href":"https:\/\/rubiscare.com\/es\/wp-json\/wp\/v2\/media\/3419"}],"wp:attachment":[{"href":"https:\/\/rubiscare.com\/es\/wp-json\/wp\/v2\/media?parent=3418"}],"wp:term":[{"taxonomy":"product_cat","embeddable":true,"href":"https:\/\/rubiscare.com\/es\/wp-json\/wp\/v2\/product_cat?post=3418"},{"taxonomy":"product_tag","embeddable":true,"href":"https:\/\/rubiscare.com\/es\/wp-json\/wp\/v2\/product_tag?post=3418"}],"curies":[{"name":"wp","href":"https:\/\/api.w.org\/{rel}","templated":true}]}}