{"id":3413,"date":"2020-12-01T13:48:06","date_gmt":"2020-12-01T13:48:06","guid":{"rendered":"https:\/\/rubiscare.com\/?post_type=product&#038;p=3413"},"modified":"2020-12-01T13:48:06","modified_gmt":"2020-12-01T13:48:06","slug":"rubis-150-gr-jabon-multiproposito","status":"publish","type":"product","link":"https:\/\/rubiscare.com\/es\/producto\/rubis-150-gr-jabon-multiproposito\/","title":{"rendered":"Rubis \u2013 150 gr jab\u00f3n multiprop\u00f3sito"},"content":{"rendered":"<p>Una barra de jab\u00f3n de 150 gr en una l\u00e1mina impresa<\/p>\n<p><strong>Numero de piezas en una caja:<\/strong><br \/>\n60<\/p>\n<p><strong>Peso de la caja:<\/strong><br \/>\n9 kg<\/p>\n<p><strong>C\u00f3digo de Barras:\u00a0<\/strong><\/p>\n<p>Lim\u00f3n: 869 2624 151 224<br \/>\nFresa: 869 2624 151 231<br \/>\nUvas: 869 2624 151 200<br \/>\nManzana: 869 2624 151 217<\/p>\n","protected":false},"excerpt":{"rendered":"<p>Combin\u00f3 la experiencia relajante del ba\u00f1o con la limpieza de sus prendas y platos en este paquete m\u00e1gico<\/p>\n<p><strong>Variante:<br \/>\n<\/strong>Lim\u00f3n, Fresa, Uvas, Manzana<\/p>\n<p><strong>C\u00f3digo de Producto:<br \/>\n<\/strong>C058<\/p>\n","protected":false},"featured_media":3416,"comment_status":"open","ping_status":"closed","template":"","meta":[],"product_cat":[784],"product_tag":[],"aioseo_notices":[],"_links":{"self":[{"href":"https:\/\/rubiscare.com\/es\/wp-json\/wp\/v2\/product\/3413"}],"collection":[{"href":"https:\/\/rubiscare.com\/es\/wp-json\/wp\/v2\/product"}],"about":[{"href":"https:\/\/rubiscare.com\/es\/wp-json\/wp\/v2\/types\/product"}],"replies":[{"embeddable":true,"href":"https:\/\/rubiscare.com\/es\/wp-json\/wp\/v2\/comments?post=3413"}],"wp:featuredmedia":[{"embeddable":true,"href":"https:\/\/rubiscare.com\/es\/wp-json\/wp\/v2\/media\/3416"}],"wp:attachment":[{"href":"https:\/\/rubiscare.com\/es\/wp-json\/wp\/v2\/media?parent=3413"}],"wp:term":[{"taxonomy":"product_cat","embeddable":true,"href":"https:\/\/rubiscare.com\/es\/wp-json\/wp\/v2\/product_cat?post=3413"},{"taxonomy":"product_tag","embeddable":true,"href":"https:\/\/rubiscare.com\/es\/wp-json\/wp\/v2\/product_tag?post=3413"}],"curies":[{"name":"wp","href":"https:\/\/api.w.org\/{rel}","templated":true}]}}