{"id":3408,"date":"2020-12-01T13:41:34","date_gmt":"2020-12-01T13:41:34","guid":{"rendered":"https:\/\/rubiscare.com\/?post_type=product&#038;p=3408"},"modified":"2020-12-01T13:41:35","modified_gmt":"2020-12-01T13:41:35","slug":"rubis-paquete-de-flujo-individual-de-100-gr-jabon-2","status":"publish","type":"product","link":"https:\/\/rubiscare.com\/es\/producto\/rubis-paquete-de-flujo-individual-de-100-gr-jabon-2\/","title":{"rendered":"Rubis \u2013 Paquete de flujo individual de 100 gr jab\u00f3n"},"content":{"rendered":"<p>Una barra de jab\u00f3n de 250 gr en una l\u00e1mina impresa<\/p>\n<p><strong>Numero de piezas en una caja:<\/strong><br \/>\n42<\/p>\n<p><strong>Peso de la caja:<\/strong><br \/>\n10,5 kg<\/p>\n<p><strong>C\u00f3digo de Barras:\u00a0<\/strong><\/p>\n<p>Lim\u00f3n: 869 2624 152 955<br \/>\nFresa: 869 2624 152 924<br \/>\nUvas: 869 2624 152 931<br \/>\nManzana: 869 2624 152 948<\/p>\n","protected":false},"excerpt":{"rendered":"<p>Combin\u00f3 la experiencia relajante del ba\u00f1o con la limpieza de sus prendas y platos en este paquete m\u00e1gico<\/p>\n<p><strong>Variante:<br \/>\n<\/strong>Lim\u00f3n, Fresa, Uvas, Manzana<\/p>\n<p><strong>C\u00f3digo de Producto:<br \/>\n<\/strong>C059<\/p>\n","protected":false},"featured_media":3411,"comment_status":"open","ping_status":"closed","template":"","meta":[],"product_cat":[784],"product_tag":[],"aioseo_notices":[],"_links":{"self":[{"href":"https:\/\/rubiscare.com\/es\/wp-json\/wp\/v2\/product\/3408"}],"collection":[{"href":"https:\/\/rubiscare.com\/es\/wp-json\/wp\/v2\/product"}],"about":[{"href":"https:\/\/rubiscare.com\/es\/wp-json\/wp\/v2\/types\/product"}],"replies":[{"embeddable":true,"href":"https:\/\/rubiscare.com\/es\/wp-json\/wp\/v2\/comments?post=3408"}],"wp:featuredmedia":[{"embeddable":true,"href":"https:\/\/rubiscare.com\/es\/wp-json\/wp\/v2\/media\/3411"}],"wp:attachment":[{"href":"https:\/\/rubiscare.com\/es\/wp-json\/wp\/v2\/media?parent=3408"}],"wp:term":[{"taxonomy":"product_cat","embeddable":true,"href":"https:\/\/rubiscare.com\/es\/wp-json\/wp\/v2\/product_cat?post=3408"},{"taxonomy":"product_tag","embeddable":true,"href":"https:\/\/rubiscare.com\/es\/wp-json\/wp\/v2\/product_tag?post=3408"}],"curies":[{"name":"wp","href":"https:\/\/api.w.org\/{rel}","templated":true}]}}