{"id":3250,"date":"2020-11-18T12:57:33","date_gmt":"2020-11-18T12:57:33","guid":{"rendered":"https:\/\/rubiscare.com\/?post_type=product&#038;p=3250"},"modified":"2020-11-18T12:57:33","modified_gmt":"2020-11-18T12:57:33","slug":"rubis-150-gr-papel-de-jabon-envuelto","status":"publish","type":"product","link":"https:\/\/rubiscare.com\/es\/producto\/rubis-150-gr-papel-de-jabon-envuelto\/","title":{"rendered":"Rubis &#8211; 150 gr papel de jab\u00f3n envuelto"},"content":{"rendered":"<p>6 piezas de jab\u00f3n empacado envuelto en papel de 150 gr en encogimiento transparente<\/p>\n<p><strong>Numero de piezas en una caja:<\/strong><br \/>\n48<\/p>\n<p><strong>Peso de la caja:<\/strong><br \/>\n7,2 kg<\/p>\n<p><strong>C\u00f3digo de Barras:\u00a0<\/strong><\/p>\n<p>Aloe Vera: 869 2624 144 592<br \/>\nLila: 869 2624 144 615<br \/>\nAlmendra: 869 2624 144 608<br \/>\nCon Glicerina: 869 2624 146 145<br \/>\nFrescura de Primavera: 869 2624 146 183<br \/>\nLeche y miel: 869 624 146 152<br \/>\nRosa: 869 624 140 457<\/p>\n","protected":false},"excerpt":{"rendered":"<p>A sus seres queridos no les gustar\u00e1, pero admirar\u00e1n los jabones m\u00e1s preferidos con varios aromas de flores<\/p>\n<p><strong>Variante:<br \/>\n<\/strong>Aloe Vera, Lila, Almendra, Con Glicerina,Frescura de Primavera, Leche &amp; Miel, Rosa<\/p>\n<p><strong>C\u00f3digo de Producto:<br \/>\n<\/strong>C017<\/p>\n","protected":false},"featured_media":3252,"comment_status":"open","ping_status":"closed","template":"","meta":[],"product_cat":[780],"product_tag":[],"aioseo_notices":[],"_links":{"self":[{"href":"https:\/\/rubiscare.com\/es\/wp-json\/wp\/v2\/product\/3250"}],"collection":[{"href":"https:\/\/rubiscare.com\/es\/wp-json\/wp\/v2\/product"}],"about":[{"href":"https:\/\/rubiscare.com\/es\/wp-json\/wp\/v2\/types\/product"}],"replies":[{"embeddable":true,"href":"https:\/\/rubiscare.com\/es\/wp-json\/wp\/v2\/comments?post=3250"}],"wp:featuredmedia":[{"embeddable":true,"href":"https:\/\/rubiscare.com\/es\/wp-json\/wp\/v2\/media\/3252"}],"wp:attachment":[{"href":"https:\/\/rubiscare.com\/es\/wp-json\/wp\/v2\/media?parent=3250"}],"wp:term":[{"taxonomy":"product_cat","embeddable":true,"href":"https:\/\/rubiscare.com\/es\/wp-json\/wp\/v2\/product_cat?post=3250"},{"taxonomy":"product_tag","embeddable":true,"href":"https:\/\/rubiscare.com\/es\/wp-json\/wp\/v2\/product_tag?post=3250"}],"curies":[{"name":"wp","href":"https:\/\/api.w.org\/{rel}","templated":true}]}}