{"id":3235,"date":"2020-11-18T12:42:38","date_gmt":"2020-11-18T12:42:38","guid":{"rendered":"https:\/\/rubiscare.com\/?post_type=product&#038;p=3235"},"modified":"2020-11-18T12:42:39","modified_gmt":"2020-11-18T12:42:39","slug":"rubis-6-x-125-gr-lujoso-serie-jabon-envuelto-en-papel","status":"publish","type":"product","link":"https:\/\/rubiscare.com\/es\/producto\/rubis-6-x-125-gr-lujoso-serie-jabon-envuelto-en-papel\/","title":{"rendered":"Rubis &#8211; 6 x 125 gr lujoso serie Jab\u00f3n envuelto en papel"},"content":{"rendered":"<p>6 piezas de jab\u00f3n envasado envuelto en papel de 125 gr en encogimiento transparente<\/p>\n<p><strong>Numero de piezas en una caja:<\/strong><br \/>\n72<\/p>\n<p><strong>Peso de la caja:<\/strong><br \/>\n9 kg<\/p>\n<p><strong>C\u00f3digo de Barras:\u00a0<\/strong><\/p>\n<p>Naranja: 869 2624 142 192<br \/>\nRoja: 869 2624 142 130<br \/>\nVerde: 869 2624 142 154<br \/>\nAzul: 869 2624 142 147<\/p>\n","protected":false},"excerpt":{"rendered":"<p>A sus seres queridos no les gustar\u00e1, pero admirar\u00e1n los jabones m\u00e1s preferidos con varios aromas de flores<\/p>\n<p><strong>Variante:<br \/>\n<\/strong>Naranja, Roja, Verde, Azul<\/p>\n<p><strong>C\u00f3digo de Producto:<br \/>\n<\/strong>C026-C<\/p>\n","protected":false},"featured_media":3239,"comment_status":"open","ping_status":"closed","template":"","meta":[],"product_cat":[780],"product_tag":[],"aioseo_notices":[],"_links":{"self":[{"href":"https:\/\/rubiscare.com\/es\/wp-json\/wp\/v2\/product\/3235"}],"collection":[{"href":"https:\/\/rubiscare.com\/es\/wp-json\/wp\/v2\/product"}],"about":[{"href":"https:\/\/rubiscare.com\/es\/wp-json\/wp\/v2\/types\/product"}],"replies":[{"embeddable":true,"href":"https:\/\/rubiscare.com\/es\/wp-json\/wp\/v2\/comments?post=3235"}],"wp:featuredmedia":[{"embeddable":true,"href":"https:\/\/rubiscare.com\/es\/wp-json\/wp\/v2\/media\/3239"}],"wp:attachment":[{"href":"https:\/\/rubiscare.com\/es\/wp-json\/wp\/v2\/media?parent=3235"}],"wp:term":[{"taxonomy":"product_cat","embeddable":true,"href":"https:\/\/rubiscare.com\/es\/wp-json\/wp\/v2\/product_cat?post=3235"},{"taxonomy":"product_tag","embeddable":true,"href":"https:\/\/rubiscare.com\/es\/wp-json\/wp\/v2\/product_tag?post=3235"}],"curies":[{"name":"wp","href":"https:\/\/api.w.org\/{rel}","templated":true}]}}