{"id":3228,"date":"2020-06-12T12:20:22","date_gmt":"2020-11-18T12:10:40","guid":{"rendered":"https:\/\/rubiscare.com\/?post_type=product&#038;p=3228"},"modified":"2020-11-18T12:10:40","modified_gmt":"2020-11-18T12:10:40","slug":"rubis-100-gr-papel-de-jabon-envuelto","status":"publish","type":"product","link":"https:\/\/rubiscare.com\/es\/producto\/rubis-100-gr-papel-de-jabon-envuelto\/","title":{"rendered":"Rubis &#8211; 100 gr papel de jab\u00f3n envuelto"},"content":{"rendered":"<p>6 piezas de jab\u00f3n empacado envuelto en papel de 100 gr en encogimiento transparente<\/p>\n<p><strong>Numero de piezas en una caja:<\/strong><br \/>\n96<\/p>\n<p><strong>Peso de la caja:<\/strong><br \/>\n9,6 kg<\/p>\n<p><strong>C\u00f3digo de Barras:\u00a0<\/strong><\/p>\n<p>Toque Gentil: 869 2624 144 776<br \/>\nOlor de Primavera: 869 2624 144 769<br \/>\nFrescura de primavera: 869 2624 144 783<br \/>\nLavanda: 869 2624 144 349<\/p>\n","protected":false},"excerpt":{"rendered":"<p>A sus seres queridos no les gustar\u00e1, pero admirar\u00e1n los jabones m\u00e1s preferidos con varios aromas de flores.<\/p>\n<p><strong>Variante:<br \/>\n<\/strong>Toque Gentil, Olor de Primavera, Frescura de primavera , Lavanda<\/p>\n<p><strong>C\u00f3digo de Producto:<br \/>\n<\/strong>C015<\/p>\n","protected":false},"featured_media":4613,"comment_status":"open","ping_status":"closed","template":"","meta":[],"product_cat":[780],"product_tag":[],"aioseo_notices":[],"_links":{"self":[{"href":"https:\/\/rubiscare.com\/es\/wp-json\/wp\/v2\/product\/3228"}],"collection":[{"href":"https:\/\/rubiscare.com\/es\/wp-json\/wp\/v2\/product"}],"about":[{"href":"https:\/\/rubiscare.com\/es\/wp-json\/wp\/v2\/types\/product"}],"replies":[{"embeddable":true,"href":"https:\/\/rubiscare.com\/es\/wp-json\/wp\/v2\/comments?post=3228"}],"wp:featuredmedia":[{"embeddable":true,"href":"https:\/\/rubiscare.com\/es\/wp-json\/wp\/v2\/media\/4613"}],"wp:attachment":[{"href":"https:\/\/rubiscare.com\/es\/wp-json\/wp\/v2\/media?parent=3228"}],"wp:term":[{"taxonomy":"product_cat","embeddable":true,"href":"https:\/\/rubiscare.com\/es\/wp-json\/wp\/v2\/product_cat?post=3228"},{"taxonomy":"product_tag","embeddable":true,"href":"https:\/\/rubiscare.com\/es\/wp-json\/wp\/v2\/product_tag?post=3228"}],"curies":[{"name":"wp","href":"https:\/\/api.w.org\/{rel}","templated":true}]}}