{"id":3220,"date":"2020-06-12T12:13:06","date_gmt":"2020-11-18T12:02:39","guid":{"rendered":"https:\/\/rubiscare.com\/?post_type=product&#038;p=3220"},"modified":"2020-11-18T12:05:15","modified_gmt":"2020-11-18T12:05:15","slug":"rubis-90-gr-papel-de-jabon-envuelto","status":"publish","type":"product","link":"https:\/\/rubiscare.com\/es\/producto\/rubis-90-gr-papel-de-jabon-envuelto\/","title":{"rendered":"Rubis &#8211; 90 gr papel de jab\u00f3n envuelto"},"content":{"rendered":"<p>6 piezas de jab\u00f3n empacado envuelto en papel de 90 gr en encogimiento transparente<\/p>\n<p><strong>Numero de piezas en una caja:<\/strong><br \/>\n96<\/p>\n<p><strong>Peso de la caja:<\/strong><br \/>\n8,64 kg<\/p>\n<p><strong>C\u00f3digo de Barras:\u00a0<\/strong><\/p>\n<p>Leche y Miel: 869 2624 152 481<br \/>\nRosa: 869 2624 152 747<br \/>\nPl\u00e1tano: 869 2624 152 498<br \/>\nUvas: 869 2624 147 784<br \/>\nFresa: 869 2624 147 784<br \/>\nManzana: 869 624 147 760<br \/>\nLavanda: 869 624 147 753<\/p>\n","protected":false},"excerpt":{"rendered":"<p>Hemos compilado estas series para reunir los aromas florales m\u00e1s populares para tu piel que sentir\u00e1s durante todo el d\u00eda<\/p>\n<p><strong>Variante:<br \/>\n<\/strong>Leche &amp; Miel, Rosa, Pl\u00e1tano, Uvas, Fresa, Manzana, Lavanda<\/p>\n<p><strong>C\u00f3digo de Producto:<br \/>\n<\/strong>C014<\/p>\n","protected":false},"featured_media":5877,"comment_status":"open","ping_status":"closed","template":"","meta":[],"product_cat":[780,780],"product_tag":[],"aioseo_notices":[],"_links":{"self":[{"href":"https:\/\/rubiscare.com\/es\/wp-json\/wp\/v2\/product\/3220"}],"collection":[{"href":"https:\/\/rubiscare.com\/es\/wp-json\/wp\/v2\/product"}],"about":[{"href":"https:\/\/rubiscare.com\/es\/wp-json\/wp\/v2\/types\/product"}],"replies":[{"embeddable":true,"href":"https:\/\/rubiscare.com\/es\/wp-json\/wp\/v2\/comments?post=3220"}],"wp:featuredmedia":[{"embeddable":true,"href":"https:\/\/rubiscare.com\/es\/wp-json\/wp\/v2\/media\/5877"}],"wp:attachment":[{"href":"https:\/\/rubiscare.com\/es\/wp-json\/wp\/v2\/media?parent=3220"}],"wp:term":[{"taxonomy":"product_cat","embeddable":true,"href":"https:\/\/rubiscare.com\/es\/wp-json\/wp\/v2\/product_cat?post=3220"},{"taxonomy":"product_tag","embeddable":true,"href":"https:\/\/rubiscare.com\/es\/wp-json\/wp\/v2\/product_tag?post=3220"}],"curies":[{"name":"wp","href":"https:\/\/api.w.org\/{rel}","templated":true}]}}