{"id":2758,"date":"2020-06-12T10:22:29","date_gmt":"2020-11-18T11:47:28","guid":{"rendered":"https:\/\/rubiscare.com\/?post_type=product&#038;p=2758"},"modified":"2020-11-18T11:47:28","modified_gmt":"2020-11-18T11:47:28","slug":"rubis-60-gr-papel-de-jabon-envuelto","status":"publish","type":"product","link":"https:\/\/rubiscare.com\/es\/producto\/rubis-60-gr-papel-de-jabon-envuelto\/","title":{"rendered":"Rubis &#8211; 60 gr papel de jab\u00f3n envuelto"},"content":{"rendered":"<p>6 piezas de jab\u00f3n empacado envuelto en papel de 60 gr en encogimiento transparente<\/p>\n<p><strong>Numero de piezas en una caja:<\/strong><br \/>\n72<\/p>\n<p><strong>Peso de la caja:<\/strong><br \/>\n4,32 kg<\/p>\n<p><strong>C\u00f3digo de Barras:\u00a0<\/strong><\/p>\n<p>Lavanda:\u00a0 \u00a0869 2624 143 489<br \/>\nLim\u00f3n:\u00a0 \u00a0 \u00a0 869 2624 145 131<br \/>\nFrescura del oc\u00e9ano: 869 2624 143 472<br \/>\nRosa:\u00a0 \u00a0 \u00a0 \u00a0 \u00a0 \u00a0869 2624 143 458<br \/>\nAloe Vera: 869 2624 143 465<\/p>\n","protected":false},"excerpt":{"rendered":"<p>Todos los ingredientes utilizados en esta serie est\u00e1n aprobados cosm\u00e9ticamente, son amigables con la piel y ecol\u00f3gicamente sin jam\u00f3n<\/p>\n<p><strong>Variante:<br \/>\n<\/strong>Lavanda, Lim\u00f3n, Frescura del oc\u00e9ano, Rosa, Aloe Vera<\/p>\n<p><strong>C\u00f3digo de Producto:<br \/>\n<\/strong>C030<\/p>\n","protected":false},"featured_media":4095,"comment_status":"open","ping_status":"closed","template":"","meta":[],"product_cat":[780],"product_tag":[],"aioseo_notices":[],"_links":{"self":[{"href":"https:\/\/rubiscare.com\/es\/wp-json\/wp\/v2\/product\/2758"}],"collection":[{"href":"https:\/\/rubiscare.com\/es\/wp-json\/wp\/v2\/product"}],"about":[{"href":"https:\/\/rubiscare.com\/es\/wp-json\/wp\/v2\/types\/product"}],"replies":[{"embeddable":true,"href":"https:\/\/rubiscare.com\/es\/wp-json\/wp\/v2\/comments?post=2758"}],"wp:featuredmedia":[{"embeddable":true,"href":"https:\/\/rubiscare.com\/es\/wp-json\/wp\/v2\/media\/4095"}],"wp:attachment":[{"href":"https:\/\/rubiscare.com\/es\/wp-json\/wp\/v2\/media?parent=2758"}],"wp:term":[{"taxonomy":"product_cat","embeddable":true,"href":"https:\/\/rubiscare.com\/es\/wp-json\/wp\/v2\/product_cat?post=2758"},{"taxonomy":"product_tag","embeddable":true,"href":"https:\/\/rubiscare.com\/es\/wp-json\/wp\/v2\/product_tag?post=2758"}],"curies":[{"name":"wp","href":"https:\/\/api.w.org\/{rel}","templated":true}]}}