{"id":2431,"date":"2020-10-23T11:15:02","date_gmt":"2020-10-23T11:15:02","guid":{"rendered":"https:\/\/rubiscare.com\/?post_type=product&#038;p=2431"},"modified":"2020-10-29T11:29:13","modified_gmt":"2020-10-29T11:29:13","slug":"__trashed-3","status":"publish","type":"product","link":"https:\/\/rubiscare.com\/ar\/product\/__trashed-3\/","title":{"rendered":"125gr \u0635\u0627\u0628\u0648\u0646 \u0641\u0627\u062e\u0631 \u062a\u063a\u0644\u064a\u0641 \u0648\u0631\u0642\u064a"},"content":{"rendered":"<p style=\"text-align: right;\">\u0633\u062a\u0629 \u0642\u0637\u0639 125 \u062c\u0631\u0627\u0645<br \/>\n\u0635\u0627\u0628\u0648\u0646 \u062a\u063a\u0644\u064a\u0641 \u0648\u0631\u0642\u064a \u0628\u063a\u0644\u0627\u0641 \u0634\u0641\u0627\u0641.<\/p>\n<p style=\"text-align: right;\"><strong>\u0639\u062f\u062f \u0627\u0644\u0642\u0637\u0639 \u0641\u064a \u0627\u0644\u0635\u0646\u062f\u0648\u0642:<\/strong><br \/>\n72<\/p>\n<p style=\"text-align: right;\"><strong>\u0648\u0632\u0646 \u0627\u0644\u0635\u0646\u062f\u0648\u0642:<\/strong><br \/>\n9 \u0643\u063a<\/p>\n<p style=\"text-align: right;\"><strong>\u0628\u0627\u0631\u0643\u0648\u062f \u0627\u0644\u0645\u0646\u062a\u062c:<\/strong><\/p>\n<p style=\"text-align: right;\">Turuncu: 869 2624 142 192<br \/>\nK\u0131rm\u0131z\u0131: 869 2624 142 130<br \/>\nYe\u015fil: 869 2624 142 154<br \/>\nMavi: 869 2624 142 147<\/p>\n","protected":false},"excerpt":{"rendered":"<p style=\"text-align: right;\">\u0631\u0648\u0627\u0626\u062d \u0627\u0644\u0632\u0647\u0648\u0631 \u0627\u0644\u0639\u0637\u0631\u064a\u0629 \u0627\u0644\u0645\u062a\u0646\u0648\u0639\u0629 \u0645\u062b\u0627\u0644\u064a\u0629 \u0644\u062a\u0634\u0627\u0631\u0643\u0647\u0627 \u0645\u0639 \u0645\u0646 \u062a\u062d\u0628\u0647\u0645<\/p>\n<p style=\"text-align: right;\"><strong>\u0646\u0648\u0639 \u0627\u0644\u0645\u0646\u062a\u062c:<br \/>\n<\/strong>\u0623\u062e\u0636\u0631 , \u0623\u0632\u0631\u0642 , \u0623\u062d\u0645\u0631 , \u0628\u0631\u062a\u0642\u0627\u0644\u064a<\/p>\n<p style=\"text-align: right;\"><strong>\u0631\u0645\u0632 \u0627\u0644\u0645\u0646\u062a\u062c:<br \/>\nC026-C<\/strong><\/p>\n","protected":false},"featured_media":2435,"comment_status":"open","ping_status":"closed","template":"","meta":[],"product_cat":[820],"product_tag":[],"aioseo_notices":[],"_links":{"self":[{"href":"https:\/\/rubiscare.com\/ar\/wp-json\/wp\/v2\/product\/2431"}],"collection":[{"href":"https:\/\/rubiscare.com\/ar\/wp-json\/wp\/v2\/product"}],"about":[{"href":"https:\/\/rubiscare.com\/ar\/wp-json\/wp\/v2\/types\/product"}],"replies":[{"embeddable":true,"href":"https:\/\/rubiscare.com\/ar\/wp-json\/wp\/v2\/comments?post=2431"}],"wp:featuredmedia":[{"embeddable":true,"href":"https:\/\/rubiscare.com\/ar\/wp-json\/wp\/v2\/media\/2435"}],"wp:attachment":[{"href":"https:\/\/rubiscare.com\/ar\/wp-json\/wp\/v2\/media?parent=2431"}],"wp:term":[{"taxonomy":"product_cat","embeddable":true,"href":"https:\/\/rubiscare.com\/ar\/wp-json\/wp\/v2\/product_cat?post=2431"},{"taxonomy":"product_tag","embeddable":true,"href":"https:\/\/rubiscare.com\/ar\/wp-json\/wp\/v2\/product_tag?post=2431"}],"curies":[{"name":"wp","href":"https:\/\/api.w.org\/{rel}","templated":true}]}}